{"id":7804,"date":"2022-03-24T18:46:13","date_gmt":"2022-03-24T21:46:13","guid":{"rendered":"http:\/\/promoalge.com.br\/?post_type=product&#038;p=7804"},"modified":"2022-03-24T18:46:13","modified_gmt":"2022-03-24T21:46:13","slug":"conjunto-para-queijo-cerveja-7-pecas-kt90201","status":"publish","type":"product","link":"https:\/\/promoalge.com.br\/?product=conjunto-para-queijo-cerveja-7-pecas-kt90201","title":{"rendered":"Conjunto para Queijo \/ Cerveja 7 pe\u00e7as &#8211; KT90201"},"content":{"rendered":"","protected":false},"excerpt":{"rendered":"<p>Kit queijo com t\u00e1bua em bambu; 4 faquinhas para queijo em bambu \/ inox; 2 copos em vidro. Incluso caixa em papel\u00e3o rigido com ber\u00e7o para os itens.<\/p>\n<p>Personaliza\u00e7\u00e3o:<br \/>\nGrava\u00e7\u00e3o a laser nas facas e ta\u00e7as, e serigrafia em 1 cor na caixa.<\/p>\n<ul>\n<li>M\u00ednimo 50 pe\u00e7as.<\/li>\n<\/ul>\n","protected":false},"featured_media":7805,"template":"","meta":[],"product_brand":[],"product_cat":[49],"product_tag":[],"class_list":{"0":"post-7804","1":"product","2":"type-product","3":"status-publish","4":"has-post-thumbnail","6":"product_cat-bar-queijo-vinhos","8":"first","9":"instock","10":"shipping-taxable","11":"product-type-simple"},"_links":{"self":[{"href":"https:\/\/promoalge.com.br\/index.php?rest_route=\/wp\/v2\/product\/7804","targetHints":{"allow":["GET"]}}],"collection":[{"href":"https:\/\/promoalge.com.br\/index.php?rest_route=\/wp\/v2\/product"}],"about":[{"href":"https:\/\/promoalge.com.br\/index.php?rest_route=\/wp\/v2\/types\/product"}],"wp:featuredmedia":[{"embeddable":true,"href":"https:\/\/promoalge.com.br\/index.php?rest_route=\/wp\/v2\/media\/7805"}],"wp:attachment":[{"href":"https:\/\/promoalge.com.br\/index.php?rest_route=%2Fwp%2Fv2%2Fmedia&parent=7804"}],"wp:term":[{"taxonomy":"product_brand","embeddable":true,"href":"https:\/\/promoalge.com.br\/index.php?rest_route=%2Fwp%2Fv2%2Fproduct_brand&post=7804"},{"taxonomy":"product_cat","embeddable":true,"href":"https:\/\/promoalge.com.br\/index.php?rest_route=%2Fwp%2Fv2%2Fproduct_cat&post=7804"},{"taxonomy":"product_tag","embeddable":true,"href":"https:\/\/promoalge.com.br\/index.php?rest_route=%2Fwp%2Fv2%2Fproduct_tag&post=7804"}],"curies":[{"name":"wp","href":"https:\/\/api.w.org\/{rel}","templated":true}]}}