{"id":7819,"date":"2022-03-30T13:17:43","date_gmt":"2022-03-30T16:17:43","guid":{"rendered":"http:\/\/promoalge.com.br\/?post_type=product&#038;p=7819"},"modified":"2022-03-30T13:17:44","modified_gmt":"2022-03-30T16:17:44","slug":"kit-para-petiscos-kt90087","status":"publish","type":"product","link":"https:\/\/promoalge.com.br\/?product=kit-para-petiscos-kt90087","title":{"rendered":"Kit para Petiscos &#8211; KT90087"},"content":{"rendered":"","protected":false},"excerpt":{"rendered":"<p>Kit para Petisco. Conta com t\u00e1bua redonda com sulco e duas esp\u00e1tulas 14cm em Bambu; dois ramekins, um pequeno e um mini em Porcelana. Est\u00e3o perfeitamente acomodados em uma caixa para presentear. Grava\u00e7\u00e3o a laser na t\u00e1bua e serigrafia em 1 cor na tampa da caixa.<\/p>\n","protected":false},"featured_media":7820,"template":"","meta":[],"product_brand":[],"product_cat":[49],"product_tag":[],"class_list":{"0":"post-7819","1":"product","2":"type-product","3":"status-publish","4":"has-post-thumbnail","6":"product_cat-bar-queijo-vinhos","8":"first","9":"instock","10":"shipping-taxable","11":"product-type-simple"},"_links":{"self":[{"href":"https:\/\/promoalge.com.br\/index.php?rest_route=\/wp\/v2\/product\/7819","targetHints":{"allow":["GET"]}}],"collection":[{"href":"https:\/\/promoalge.com.br\/index.php?rest_route=\/wp\/v2\/product"}],"about":[{"href":"https:\/\/promoalge.com.br\/index.php?rest_route=\/wp\/v2\/types\/product"}],"wp:featuredmedia":[{"embeddable":true,"href":"https:\/\/promoalge.com.br\/index.php?rest_route=\/wp\/v2\/media\/7820"}],"wp:attachment":[{"href":"https:\/\/promoalge.com.br\/index.php?rest_route=%2Fwp%2Fv2%2Fmedia&parent=7819"}],"wp:term":[{"taxonomy":"product_brand","embeddable":true,"href":"https:\/\/promoalge.com.br\/index.php?rest_route=%2Fwp%2Fv2%2Fproduct_brand&post=7819"},{"taxonomy":"product_cat","embeddable":true,"href":"https:\/\/promoalge.com.br\/index.php?rest_route=%2Fwp%2Fv2%2Fproduct_cat&post=7819"},{"taxonomy":"product_tag","embeddable":true,"href":"https:\/\/promoalge.com.br\/index.php?rest_route=%2Fwp%2Fv2%2Fproduct_tag&post=7819"}],"curies":[{"name":"wp","href":"https:\/\/api.w.org\/{rel}","templated":true}]}}