{"id":7821,"date":"2022-03-30T13:19:47","date_gmt":"2022-03-30T16:19:47","guid":{"rendered":"http:\/\/promoalge.com.br\/?post_type=product&#038;p=7821"},"modified":"2025-08-12T15:07:13","modified_gmt":"2025-08-12T18:07:13","slug":"kit-petiscos-kt9021b","status":"publish","type":"product","link":"https:\/\/promoalge.com.br\/?product=kit-petiscos-kt9021b","title":{"rendered":"Kit Petiscos &#8211; KT9021B"},"content":{"rendered":"","protected":false},"excerpt":{"rendered":"<p>Kit Petiscos Incluso<br \/>\n* Conjunto para petiscos e pat\u00eas em Bambu\/Fibra de Bambu. Acompanha dois potes em Fibra de Bambu, base e duas esp\u00e1tulas 14cm em Bambu<\/p>\n<p>* 2 Ta\u00e7as para cerveja em vidro;<\/p>\n<p>* Caixa com ber\u00e7o para os itens<\/p>\n<p>Personaliza\u00e7\u00e3o:<br \/>\nT\u00e1bua &amp; Ta\u00e7as grava\u00e7\u00e3o a laser;<br \/>\nCaixa serigrafia em 1 cor.<\/p>\n","protected":false},"featured_media":7822,"template":"","meta":[],"product_brand":[],"product_cat":[49],"product_tag":[],"class_list":{"0":"post-7821","1":"product","2":"type-product","3":"status-publish","4":"has-post-thumbnail","6":"product_cat-bar-queijo-vinhos","8":"first","9":"instock","10":"shipping-taxable","11":"product-type-simple"},"_links":{"self":[{"href":"https:\/\/promoalge.com.br\/index.php?rest_route=\/wp\/v2\/product\/7821","targetHints":{"allow":["GET"]}}],"collection":[{"href":"https:\/\/promoalge.com.br\/index.php?rest_route=\/wp\/v2\/product"}],"about":[{"href":"https:\/\/promoalge.com.br\/index.php?rest_route=\/wp\/v2\/types\/product"}],"wp:featuredmedia":[{"embeddable":true,"href":"https:\/\/promoalge.com.br\/index.php?rest_route=\/wp\/v2\/media\/7822"}],"wp:attachment":[{"href":"https:\/\/promoalge.com.br\/index.php?rest_route=%2Fwp%2Fv2%2Fmedia&parent=7821"}],"wp:term":[{"taxonomy":"product_brand","embeddable":true,"href":"https:\/\/promoalge.com.br\/index.php?rest_route=%2Fwp%2Fv2%2Fproduct_brand&post=7821"},{"taxonomy":"product_cat","embeddable":true,"href":"https:\/\/promoalge.com.br\/index.php?rest_route=%2Fwp%2Fv2%2Fproduct_cat&post=7821"},{"taxonomy":"product_tag","embeddable":true,"href":"https:\/\/promoalge.com.br\/index.php?rest_route=%2Fwp%2Fv2%2Fproduct_tag&post=7821"}],"curies":[{"name":"wp","href":"https:\/\/api.w.org\/{rel}","templated":true}]}}