{"id":7825,"date":"2022-04-08T15:12:29","date_gmt":"2022-04-08T18:12:29","guid":{"rendered":"http:\/\/promoalge.com.br\/?post_type=product&#038;p=7825"},"modified":"2025-08-12T15:07:10","modified_gmt":"2025-08-12T18:07:10","slug":"necessaire-pr18507","status":"publish","type":"product","link":"https:\/\/promoalge.com.br\/?product=necessaire-pr18507","title":{"rendered":"Necessaire &#8211; PR18507"},"content":{"rendered":"","protected":false},"excerpt":{"rendered":"<p>Necessaire organizadora em tecido nylon Oxford, possui bolso frontal e al\u00e7a superior, parte interna com gancho pl\u00e1stico; bolso interno superior em nylon e bolso de tela ambos com z\u00edper; bolso inferior aberto de tela com 4 divis\u00f5es de bolsos tamb\u00e9m em tela. Perfeita para lhe acompanhar em viagens e at\u00e9 mesmo transportar seus itens pessoais do dia a dia com organiza\u00e7\u00e3o e praticidade.<\/p>\n<p>Altura : 21 cm<\/p>\n<p>Largura : 22,7 cm<\/p>\n<p>Grava\u00e7\u00e3o serigrafia em 1 cor.<\/p>\n<ul>\n<li>M\u00ednimo 50 unidades.<\/li>\n<\/ul>\n","protected":false},"featured_media":7826,"template":"","meta":[],"product_brand":[],"product_cat":[416],"product_tag":[],"class_list":{"0":"post-7825","1":"product","2":"type-product","3":"status-publish","4":"has-post-thumbnail","6":"product_cat-necessaire","8":"first","9":"instock","10":"shipping-taxable","11":"product-type-simple"},"_links":{"self":[{"href":"https:\/\/promoalge.com.br\/index.php?rest_route=\/wp\/v2\/product\/7825","targetHints":{"allow":["GET"]}}],"collection":[{"href":"https:\/\/promoalge.com.br\/index.php?rest_route=\/wp\/v2\/product"}],"about":[{"href":"https:\/\/promoalge.com.br\/index.php?rest_route=\/wp\/v2\/types\/product"}],"wp:featuredmedia":[{"embeddable":true,"href":"https:\/\/promoalge.com.br\/index.php?rest_route=\/wp\/v2\/media\/7826"}],"wp:attachment":[{"href":"https:\/\/promoalge.com.br\/index.php?rest_route=%2Fwp%2Fv2%2Fmedia&parent=7825"}],"wp:term":[{"taxonomy":"product_brand","embeddable":true,"href":"https:\/\/promoalge.com.br\/index.php?rest_route=%2Fwp%2Fv2%2Fproduct_brand&post=7825"},{"taxonomy":"product_cat","embeddable":true,"href":"https:\/\/promoalge.com.br\/index.php?rest_route=%2Fwp%2Fv2%2Fproduct_cat&post=7825"},{"taxonomy":"product_tag","embeddable":true,"href":"https:\/\/promoalge.com.br\/index.php?rest_route=%2Fwp%2Fv2%2Fproduct_tag&post=7825"}],"curies":[{"name":"wp","href":"https:\/\/api.w.org\/{rel}","templated":true}]}}