{"id":7891,"date":"2022-05-24T16:11:50","date_gmt":"2022-05-24T19:11:50","guid":{"rendered":"http:\/\/promoalge.com.br\/?post_type=product&#038;p=7891"},"modified":"2025-08-12T15:06:58","modified_gmt":"2025-08-12T18:06:58","slug":"garrafa-termica-em-bambu-pr94683","status":"publish","type":"product","link":"https:\/\/promoalge.com.br\/?product=garrafa-termica-em-bambu-pr94683","title":{"rendered":"Garrafa T\u00e9rmica em Bambu &#8211; PR94683"},"content":{"rendered":"","protected":false},"excerpt":{"rendered":"<p>Garrafa t\u00e9rmica em bambu e a\u00e7o inox, com corpo duplo e infusor para ch\u00e1. Capacidade at\u00e9 430 ml, medidas : \u00f869 x 207 mm. Grava\u00e7\u00e3o a laser.<\/p>\n<p>* M\u00ednimo 50 unidades.<\/p>\n","protected":false},"featured_media":7892,"template":"","meta":[],"product_brand":[],"product_cat":[237,321],"product_tag":[],"class_list":{"0":"post-7891","1":"product","2":"type-product","3":"status-publish","4":"has-post-thumbnail","6":"product_cat-metalicas","7":"product_cat-linha-ecologica","9":"first","10":"instock","11":"shipping-taxable","12":"product-type-simple"},"_links":{"self":[{"href":"https:\/\/promoalge.com.br\/index.php?rest_route=\/wp\/v2\/product\/7891","targetHints":{"allow":["GET"]}}],"collection":[{"href":"https:\/\/promoalge.com.br\/index.php?rest_route=\/wp\/v2\/product"}],"about":[{"href":"https:\/\/promoalge.com.br\/index.php?rest_route=\/wp\/v2\/types\/product"}],"wp:featuredmedia":[{"embeddable":true,"href":"https:\/\/promoalge.com.br\/index.php?rest_route=\/wp\/v2\/media\/7892"}],"wp:attachment":[{"href":"https:\/\/promoalge.com.br\/index.php?rest_route=%2Fwp%2Fv2%2Fmedia&parent=7891"}],"wp:term":[{"taxonomy":"product_brand","embeddable":true,"href":"https:\/\/promoalge.com.br\/index.php?rest_route=%2Fwp%2Fv2%2Fproduct_brand&post=7891"},{"taxonomy":"product_cat","embeddable":true,"href":"https:\/\/promoalge.com.br\/index.php?rest_route=%2Fwp%2Fv2%2Fproduct_cat&post=7891"},{"taxonomy":"product_tag","embeddable":true,"href":"https:\/\/promoalge.com.br\/index.php?rest_route=%2Fwp%2Fv2%2Fproduct_tag&post=7891"}],"curies":[{"name":"wp","href":"https:\/\/api.w.org\/{rel}","templated":true}]}}