{"id":7931,"date":"2022-05-31T14:09:23","date_gmt":"2022-05-31T17:09:23","guid":{"rendered":"http:\/\/promoalge.com.br\/?post_type=product&#038;p=7931"},"modified":"2022-05-31T14:09:24","modified_gmt":"2022-05-31T17:09:24","slug":"agenda-diaria-ag05","status":"publish","type":"product","link":"https:\/\/promoalge.com.br\/?product=agenda-diaria-ag05","title":{"rendered":"Agenda Di\u00e1ria &#8211; AG05"},"content":{"rendered":"","protected":false},"excerpt":{"rendered":"<p>Agenda capa em Sint\u00e9tico 0,6mm com detalhe curvado , possui miolo de Agenda Di\u00e1ria \u2013 2\u00d72 Cores, 344 p\u00e1ginas em Off-set 63g com Mapa 4\u00d74 Cores, \u00edndice telef\u00f4nico, planejamento, medidas 14,5 x 20 cm. Personaliza\u00e7\u00e3o na capa e 1 p\u00e1gina propaganda interna.<\/p>\n<ul>\n<li>M\u00ednimo 50 unidades.<\/li>\n<\/ul>\n","protected":false},"featured_media":7934,"template":"","meta":[],"product_brand":[],"product_cat":[59],"product_tag":[],"class_list":{"0":"post-7931","1":"product","2":"type-product","3":"status-publish","4":"has-post-thumbnail","6":"product_cat-agendas-cadernos","8":"first","9":"instock","10":"shipping-taxable","11":"product-type-simple"},"_links":{"self":[{"href":"https:\/\/promoalge.com.br\/index.php?rest_route=\/wp\/v2\/product\/7931","targetHints":{"allow":["GET"]}}],"collection":[{"href":"https:\/\/promoalge.com.br\/index.php?rest_route=\/wp\/v2\/product"}],"about":[{"href":"https:\/\/promoalge.com.br\/index.php?rest_route=\/wp\/v2\/types\/product"}],"wp:featuredmedia":[{"embeddable":true,"href":"https:\/\/promoalge.com.br\/index.php?rest_route=\/wp\/v2\/media\/7934"}],"wp:attachment":[{"href":"https:\/\/promoalge.com.br\/index.php?rest_route=%2Fwp%2Fv2%2Fmedia&parent=7931"}],"wp:term":[{"taxonomy":"product_brand","embeddable":true,"href":"https:\/\/promoalge.com.br\/index.php?rest_route=%2Fwp%2Fv2%2Fproduct_brand&post=7931"},{"taxonomy":"product_cat","embeddable":true,"href":"https:\/\/promoalge.com.br\/index.php?rest_route=%2Fwp%2Fv2%2Fproduct_cat&post=7931"},{"taxonomy":"product_tag","embeddable":true,"href":"https:\/\/promoalge.com.br\/index.php?rest_route=%2Fwp%2Fv2%2Fproduct_tag&post=7931"}],"curies":[{"name":"wp","href":"https:\/\/api.w.org\/{rel}","templated":true}]}}