{"id":7937,"date":"2022-05-31T17:02:54","date_gmt":"2022-05-31T20:02:54","guid":{"rendered":"http:\/\/promoalge.com.br\/?post_type=product&#038;p=7937"},"modified":"2024-11-11T11:41:56","modified_gmt":"2024-11-11T14:41:56","slug":"agenda-diaria-wire-o-ag06","status":"publish","type":"product","link":"https:\/\/promoalge.com.br\/?product=agenda-diaria-wire-o-ag06","title":{"rendered":"Agenda Di\u00e1ria Wire-o &#8211; AG06"},"content":{"rendered":"","protected":false},"excerpt":{"rendered":"<p>Agenda capa percalux com bolsa pl\u00e1stica interna , possui miolo de Agenda Di\u00e1ria \u2013 2\u00d72 Cores, 344 p\u00e1ginas em Off-set 63g com Mapa 4\u00d74 Cores, \u00edndice telef\u00f4nico, planejamento, medidas 14,5 x 20 cm. Personaliza\u00e7\u00e3o na capa e 1 p\u00e1gina propaganda interna.<\/p>\n<ul>\n<li>M\u00ednimo 100 unidaes.<\/li>\n<\/ul>\n","protected":false},"featured_media":7941,"template":"","meta":[],"product_brand":[],"product_cat":[59],"product_tag":[],"class_list":{"0":"post-7937","1":"product","2":"type-product","3":"status-publish","4":"has-post-thumbnail","6":"product_cat-agendas-cadernos","8":"first","9":"instock","10":"shipping-taxable","11":"product-type-simple"},"_links":{"self":[{"href":"https:\/\/promoalge.com.br\/index.php?rest_route=\/wp\/v2\/product\/7937","targetHints":{"allow":["GET"]}}],"collection":[{"href":"https:\/\/promoalge.com.br\/index.php?rest_route=\/wp\/v2\/product"}],"about":[{"href":"https:\/\/promoalge.com.br\/index.php?rest_route=\/wp\/v2\/types\/product"}],"wp:featuredmedia":[{"embeddable":true,"href":"https:\/\/promoalge.com.br\/index.php?rest_route=\/wp\/v2\/media\/7941"}],"wp:attachment":[{"href":"https:\/\/promoalge.com.br\/index.php?rest_route=%2Fwp%2Fv2%2Fmedia&parent=7937"}],"wp:term":[{"taxonomy":"product_brand","embeddable":true,"href":"https:\/\/promoalge.com.br\/index.php?rest_route=%2Fwp%2Fv2%2Fproduct_brand&post=7937"},{"taxonomy":"product_cat","embeddable":true,"href":"https:\/\/promoalge.com.br\/index.php?rest_route=%2Fwp%2Fv2%2Fproduct_cat&post=7937"},{"taxonomy":"product_tag","embeddable":true,"href":"https:\/\/promoalge.com.br\/index.php?rest_route=%2Fwp%2Fv2%2Fproduct_tag&post=7937"}],"curies":[{"name":"wp","href":"https:\/\/api.w.org\/{rel}","templated":true}]}}