{"id":7953,"date":"2022-05-31T18:33:41","date_gmt":"2022-05-31T21:33:41","guid":{"rendered":"http:\/\/promoalge.com.br\/?post_type=product&#038;p=7953"},"modified":"2022-05-31T18:38:32","modified_gmt":"2022-05-31T21:38:32","slug":"bone-trucker-3d-btrck3d","status":"publish","type":"product","link":"https:\/\/promoalge.com.br\/?product=bone-trucker-3d-btrck3d","title":{"rendered":"Bon\u00e9 Trucker 3D &#8211; BTRCK3D"},"content":{"rendered":"","protected":false},"excerpt":{"rendered":"<p>Bon\u00e9 trucker produzido em tecido supercap premium, acabamento com tela na parte traseira,\u00a0 regulador pl\u00e1stico, e costuras na aba. Personaliza\u00e7\u00e3o atrav\u00e9s de serigrafia em alto relevo.<\/p>\n<ul>\n<li>M\u00ednimo 50 unidades.<\/li>\n<\/ul>\n","protected":false},"featured_media":7955,"template":"","meta":[],"product_brand":[],"product_cat":[93],"product_tag":[],"class_list":{"0":"post-7953","1":"product","2":"type-product","3":"status-publish","4":"has-post-thumbnail","6":"product_cat-bones-viseiras","8":"first","9":"instock","10":"shipping-taxable","11":"product-type-simple"},"_links":{"self":[{"href":"https:\/\/promoalge.com.br\/index.php?rest_route=\/wp\/v2\/product\/7953","targetHints":{"allow":["GET"]}}],"collection":[{"href":"https:\/\/promoalge.com.br\/index.php?rest_route=\/wp\/v2\/product"}],"about":[{"href":"https:\/\/promoalge.com.br\/index.php?rest_route=\/wp\/v2\/types\/product"}],"wp:featuredmedia":[{"embeddable":true,"href":"https:\/\/promoalge.com.br\/index.php?rest_route=\/wp\/v2\/media\/7955"}],"wp:attachment":[{"href":"https:\/\/promoalge.com.br\/index.php?rest_route=%2Fwp%2Fv2%2Fmedia&parent=7953"}],"wp:term":[{"taxonomy":"product_brand","embeddable":true,"href":"https:\/\/promoalge.com.br\/index.php?rest_route=%2Fwp%2Fv2%2Fproduct_brand&post=7953"},{"taxonomy":"product_cat","embeddable":true,"href":"https:\/\/promoalge.com.br\/index.php?rest_route=%2Fwp%2Fv2%2Fproduct_cat&post=7953"},{"taxonomy":"product_tag","embeddable":true,"href":"https:\/\/promoalge.com.br\/index.php?rest_route=%2Fwp%2Fv2%2Fproduct_tag&post=7953"}],"curies":[{"name":"wp","href":"https:\/\/api.w.org\/{rel}","templated":true}]}}