{"id":7986,"date":"2022-06-09T16:42:18","date_gmt":"2022-06-09T19:42:18","guid":{"rendered":"http:\/\/promoalge.com.br\/?post_type=product&#038;p=7986"},"modified":"2022-06-09T16:42:18","modified_gmt":"2022-06-09T19:42:18","slug":"bloco-de-anotacoes-7x10-cm-bl7x10","status":"publish","type":"product","link":"https:\/\/promoalge.com.br\/?product=bloco-de-anotacoes-7x10-cm-bl7x10","title":{"rendered":"Bloco de Anota\u00e7\u00f5es 7&#215;10 cm &#8211; BL7X10"},"content":{"rendered":"","protected":false},"excerpt":{"rendered":"<p>Bloco de anota\u00e7\u00f5es com 50 folhas brancas, medidas 7&#215;10 cm . Impress\u00e3o na capa.<\/p>\n<ul>\n<li>M\u00ednimo 300 unidades.<\/li>\n<\/ul>\n","protected":false},"featured_media":7987,"template":"","meta":[],"product_brand":[],"product_cat":[353,409],"product_tag":[],"class_list":{"0":"post-7986","1":"product","2":"type-product","3":"status-publish","4":"has-post-thumbnail","6":"product_cat-diversos","7":"product_cat-escritorio","9":"first","10":"instock","11":"shipping-taxable","12":"product-type-simple"},"_links":{"self":[{"href":"https:\/\/promoalge.com.br\/index.php?rest_route=\/wp\/v2\/product\/7986","targetHints":{"allow":["GET"]}}],"collection":[{"href":"https:\/\/promoalge.com.br\/index.php?rest_route=\/wp\/v2\/product"}],"about":[{"href":"https:\/\/promoalge.com.br\/index.php?rest_route=\/wp\/v2\/types\/product"}],"wp:featuredmedia":[{"embeddable":true,"href":"https:\/\/promoalge.com.br\/index.php?rest_route=\/wp\/v2\/media\/7987"}],"wp:attachment":[{"href":"https:\/\/promoalge.com.br\/index.php?rest_route=%2Fwp%2Fv2%2Fmedia&parent=7986"}],"wp:term":[{"taxonomy":"product_brand","embeddable":true,"href":"https:\/\/promoalge.com.br\/index.php?rest_route=%2Fwp%2Fv2%2Fproduct_brand&post=7986"},{"taxonomy":"product_cat","embeddable":true,"href":"https:\/\/promoalge.com.br\/index.php?rest_route=%2Fwp%2Fv2%2Fproduct_cat&post=7986"},{"taxonomy":"product_tag","embeddable":true,"href":"https:\/\/promoalge.com.br\/index.php?rest_route=%2Fwp%2Fv2%2Fproduct_tag&post=7986"}],"curies":[{"name":"wp","href":"https:\/\/api.w.org\/{rel}","templated":true}]}}