{"id":8005,"date":"2022-06-10T17:32:58","date_gmt":"2022-06-10T20:32:58","guid":{"rendered":"http:\/\/promoalge.com.br\/?post_type=product&#038;p=8005"},"modified":"2022-06-10T17:32:59","modified_gmt":"2022-06-10T20:32:59","slug":"guarda-chuva-pr99134","status":"publish","type":"product","link":"https:\/\/promoalge.com.br\/?product=guarda-chuva-pr99134","title":{"rendered":"Guarda Chuva &#8211; PR99134"},"content":{"rendered":"","protected":false},"excerpt":{"rendered":"<p>Guarda-chuva em poli\u00e9ster 190T com pega revestida a borracha e abertura autom\u00e1tica, medida \u00f81040 mm | 830 mm. Grava\u00e7\u00e3o serigrafia em 2 gomos.<\/p>\n","protected":false},"featured_media":8006,"template":"","meta":[],"product_brand":[],"product_cat":[353,414],"product_tag":[],"class_list":{"0":"post-8005","1":"product","2":"type-product","3":"status-publish","4":"has-post-thumbnail","6":"product_cat-diversos","7":"product_cat-praia-verao","9":"first","10":"instock","11":"shipping-taxable","12":"product-type-simple"},"_links":{"self":[{"href":"https:\/\/promoalge.com.br\/index.php?rest_route=\/wp\/v2\/product\/8005","targetHints":{"allow":["GET"]}}],"collection":[{"href":"https:\/\/promoalge.com.br\/index.php?rest_route=\/wp\/v2\/product"}],"about":[{"href":"https:\/\/promoalge.com.br\/index.php?rest_route=\/wp\/v2\/types\/product"}],"wp:featuredmedia":[{"embeddable":true,"href":"https:\/\/promoalge.com.br\/index.php?rest_route=\/wp\/v2\/media\/8006"}],"wp:attachment":[{"href":"https:\/\/promoalge.com.br\/index.php?rest_route=%2Fwp%2Fv2%2Fmedia&parent=8005"}],"wp:term":[{"taxonomy":"product_brand","embeddable":true,"href":"https:\/\/promoalge.com.br\/index.php?rest_route=%2Fwp%2Fv2%2Fproduct_brand&post=8005"},{"taxonomy":"product_cat","embeddable":true,"href":"https:\/\/promoalge.com.br\/index.php?rest_route=%2Fwp%2Fv2%2Fproduct_cat&post=8005"},{"taxonomy":"product_tag","embeddable":true,"href":"https:\/\/promoalge.com.br\/index.php?rest_route=%2Fwp%2Fv2%2Fproduct_tag&post=8005"}],"curies":[{"name":"wp","href":"https:\/\/api.w.org\/{rel}","templated":true}]}}