{"id":8014,"date":"2022-06-14T18:33:07","date_gmt":"2022-06-14T21:33:07","guid":{"rendered":"http:\/\/promoalge.com.br\/?post_type=product&#038;p=8014"},"modified":"2022-06-14T18:33:08","modified_gmt":"2022-06-14T21:33:08","slug":"caneta-ecologica-pr003","status":"publish","type":"product","link":"https:\/\/promoalge.com.br\/?product=caneta-ecologica-pr003","title":{"rendered":"Caneta Ecol\u00f3gica &#8211; PR003"},"content":{"rendered":"","protected":false},"excerpt":{"rendered":"<p>Caneta de papel\u00e3o com detalhes pl\u00e1sticos transl\u00facidos, carga esferogr\u00e1fica azul e acionamento por clique.<br \/>\nMedidas:<br \/>\nLargura : 1,3 cm;<br \/>\nComprimento : 13,6 cm;<\/p>\n<p>Grava\u00e7\u00e3o serigrafia em 1 cor.<\/p>\n<ul>\n<li>M\u00ednimo 300 unidades.<\/li>\n<\/ul>\n","protected":false},"featured_media":8015,"template":"","meta":[],"product_brand":[],"product_cat":[18,321],"product_tag":[],"class_list":{"0":"post-8014","1":"product","2":"type-product","3":"status-publish","4":"has-post-thumbnail","6":"product_cat-canetas-plastica","7":"product_cat-linha-ecologica","9":"first","10":"instock","11":"shipping-taxable","12":"product-type-simple"},"_links":{"self":[{"href":"https:\/\/promoalge.com.br\/index.php?rest_route=\/wp\/v2\/product\/8014","targetHints":{"allow":["GET"]}}],"collection":[{"href":"https:\/\/promoalge.com.br\/index.php?rest_route=\/wp\/v2\/product"}],"about":[{"href":"https:\/\/promoalge.com.br\/index.php?rest_route=\/wp\/v2\/types\/product"}],"wp:featuredmedia":[{"embeddable":true,"href":"https:\/\/promoalge.com.br\/index.php?rest_route=\/wp\/v2\/media\/8015"}],"wp:attachment":[{"href":"https:\/\/promoalge.com.br\/index.php?rest_route=%2Fwp%2Fv2%2Fmedia&parent=8014"}],"wp:term":[{"taxonomy":"product_brand","embeddable":true,"href":"https:\/\/promoalge.com.br\/index.php?rest_route=%2Fwp%2Fv2%2Fproduct_brand&post=8014"},{"taxonomy":"product_cat","embeddable":true,"href":"https:\/\/promoalge.com.br\/index.php?rest_route=%2Fwp%2Fv2%2Fproduct_cat&post=8014"},{"taxonomy":"product_tag","embeddable":true,"href":"https:\/\/promoalge.com.br\/index.php?rest_route=%2Fwp%2Fv2%2Fproduct_tag&post=8014"}],"curies":[{"name":"wp","href":"https:\/\/api.w.org\/{rel}","templated":true}]}}