{"id":8016,"date":"2022-06-14T18:55:46","date_gmt":"2022-06-14T21:55:46","guid":{"rendered":"http:\/\/promoalge.com.br\/?post_type=product&#038;p=8016"},"modified":"2022-06-14T18:55:46","modified_gmt":"2022-06-14T21:55:46","slug":"bloco-de-anotacoes-14x21-pr3005m","status":"publish","type":"product","link":"https:\/\/promoalge.com.br\/?product=bloco-de-anotacoes-14x21-pr3005m","title":{"rendered":"Bloco de Anota\u00e7\u00f5es 14&#215;21 &#8211; PR3005M"},"content":{"rendered":"","protected":false},"excerpt":{"rendered":"<p>Caderneta tipo moleskine couro sint\u00e9tico, marcador de p\u00e1gina em cetim e fita el\u00e1stica para fechar. Cont\u00e9m aproximadamente 78 folhas amareladas sem pauta.<br \/>\nMedidas:<br \/>\nAltura : 21,4 cm;<br \/>\nLargura : 14,7 cm;<br \/>\nEspessura : 1,2 cm.<\/p>\n<p>Grava\u00e7\u00e3o serigrafia em 1 cor.<\/p>\n<ul>\n<li>M\u00ednimo 100 pe\u00e7as.<\/li>\n<\/ul>\n","protected":false},"featured_media":8017,"template":"","meta":[],"product_brand":[],"product_cat":[353,409],"product_tag":[],"class_list":{"0":"post-8016","1":"product","2":"type-product","3":"status-publish","4":"has-post-thumbnail","6":"product_cat-diversos","7":"product_cat-escritorio","9":"first","10":"instock","11":"shipping-taxable","12":"product-type-simple"},"_links":{"self":[{"href":"https:\/\/promoalge.com.br\/index.php?rest_route=\/wp\/v2\/product\/8016","targetHints":{"allow":["GET"]}}],"collection":[{"href":"https:\/\/promoalge.com.br\/index.php?rest_route=\/wp\/v2\/product"}],"about":[{"href":"https:\/\/promoalge.com.br\/index.php?rest_route=\/wp\/v2\/types\/product"}],"wp:featuredmedia":[{"embeddable":true,"href":"https:\/\/promoalge.com.br\/index.php?rest_route=\/wp\/v2\/media\/8017"}],"wp:attachment":[{"href":"https:\/\/promoalge.com.br\/index.php?rest_route=%2Fwp%2Fv2%2Fmedia&parent=8016"}],"wp:term":[{"taxonomy":"product_brand","embeddable":true,"href":"https:\/\/promoalge.com.br\/index.php?rest_route=%2Fwp%2Fv2%2Fproduct_brand&post=8016"},{"taxonomy":"product_cat","embeddable":true,"href":"https:\/\/promoalge.com.br\/index.php?rest_route=%2Fwp%2Fv2%2Fproduct_cat&post=8016"},{"taxonomy":"product_tag","embeddable":true,"href":"https:\/\/promoalge.com.br\/index.php?rest_route=%2Fwp%2Fv2%2Fproduct_tag&post=8016"}],"curies":[{"name":"wp","href":"https:\/\/api.w.org\/{rel}","templated":true}]}}