{"id":8027,"date":"2022-06-30T12:30:28","date_gmt":"2022-06-30T15:30:28","guid":{"rendered":"http:\/\/promoalge.com.br\/?post_type=product&#038;p=8027"},"modified":"2022-06-30T12:30:28","modified_gmt":"2022-06-30T15:30:28","slug":"kit-churrasco-pr94137","status":"publish","type":"product","link":"https:\/\/promoalge.com.br\/?product=kit-churrasco-pr94137","title":{"rendered":"Kit Churrasco &#8211; PR94137"},"content":{"rendered":"","protected":false},"excerpt":{"rendered":"<p>Kit churrasco em estojo de poli\u00e9ster 210D, composto por 2 utens\u00edlios em a\u00e7o inox e PP: faca chefe e garfo pr\u00f3prio para contato com alimento. Medidas estojo: 350 x 130 x 20 mm. Grava\u00e7\u00e3o serigrafia e 1 cor estojo e laser l\u00e2mina da faca.<\/p>\n<ul>\n<li>M\u00ednimo 50 unidades.<\/li>\n<\/ul>\n","protected":false},"featured_media":8033,"template":"","meta":[],"product_brand":[],"product_cat":[412],"product_tag":[],"class_list":{"0":"post-8027","1":"product","2":"type-product","3":"status-publish","4":"has-post-thumbnail","6":"product_cat-kits-churrasco","8":"first","9":"instock","10":"shipping-taxable","11":"product-type-simple"},"_links":{"self":[{"href":"https:\/\/promoalge.com.br\/index.php?rest_route=\/wp\/v2\/product\/8027","targetHints":{"allow":["GET"]}}],"collection":[{"href":"https:\/\/promoalge.com.br\/index.php?rest_route=\/wp\/v2\/product"}],"about":[{"href":"https:\/\/promoalge.com.br\/index.php?rest_route=\/wp\/v2\/types\/product"}],"wp:featuredmedia":[{"embeddable":true,"href":"https:\/\/promoalge.com.br\/index.php?rest_route=\/wp\/v2\/media\/8033"}],"wp:attachment":[{"href":"https:\/\/promoalge.com.br\/index.php?rest_route=%2Fwp%2Fv2%2Fmedia&parent=8027"}],"wp:term":[{"taxonomy":"product_brand","embeddable":true,"href":"https:\/\/promoalge.com.br\/index.php?rest_route=%2Fwp%2Fv2%2Fproduct_brand&post=8027"},{"taxonomy":"product_cat","embeddable":true,"href":"https:\/\/promoalge.com.br\/index.php?rest_route=%2Fwp%2Fv2%2Fproduct_cat&post=8027"},{"taxonomy":"product_tag","embeddable":true,"href":"https:\/\/promoalge.com.br\/index.php?rest_route=%2Fwp%2Fv2%2Fproduct_tag&post=8027"}],"curies":[{"name":"wp","href":"https:\/\/api.w.org\/{rel}","templated":true}]}}