{"id":804,"date":"2018-06-19T18:50:23","date_gmt":"2018-06-19T21:50:23","guid":{"rendered":"http:\/\/promoalge.com.br\/?post_type=product&#038;p=804"},"modified":"2018-11-16T13:30:38","modified_gmt":"2018-11-16T16:30:38","slug":"necessaire-em-poliester-nec02","status":"publish","type":"product","link":"https:\/\/promoalge.com.br\/?product=necessaire-em-poliester-nec02","title":{"rendered":"Necessaire em Poli\u00e9ster &#8211; NEC02"},"content":{"rendered":"","protected":false},"excerpt":{"rendered":"<p>Necessaire em poli\u00e9ster com alca de m\u00e3o, com bolso interno com gancho para pendurar, acabamento com vivo e z\u00edper. Grava\u00e7\u00e3o serigrafia ou bordado.<\/p>\n","protected":false},"featured_media":2128,"template":"","meta":[],"product_brand":[],"product_cat":[416],"product_tag":[],"class_list":{"0":"post-804","1":"product","2":"type-product","3":"status-publish","4":"has-post-thumbnail","6":"product_cat-necessaire","8":"first","9":"instock","10":"shipping-taxable","11":"product-type-simple"},"_links":{"self":[{"href":"https:\/\/promoalge.com.br\/index.php?rest_route=\/wp\/v2\/product\/804","targetHints":{"allow":["GET"]}}],"collection":[{"href":"https:\/\/promoalge.com.br\/index.php?rest_route=\/wp\/v2\/product"}],"about":[{"href":"https:\/\/promoalge.com.br\/index.php?rest_route=\/wp\/v2\/types\/product"}],"wp:featuredmedia":[{"embeddable":true,"href":"https:\/\/promoalge.com.br\/index.php?rest_route=\/wp\/v2\/media\/2128"}],"wp:attachment":[{"href":"https:\/\/promoalge.com.br\/index.php?rest_route=%2Fwp%2Fv2%2Fmedia&parent=804"}],"wp:term":[{"taxonomy":"product_brand","embeddable":true,"href":"https:\/\/promoalge.com.br\/index.php?rest_route=%2Fwp%2Fv2%2Fproduct_brand&post=804"},{"taxonomy":"product_cat","embeddable":true,"href":"https:\/\/promoalge.com.br\/index.php?rest_route=%2Fwp%2Fv2%2Fproduct_cat&post=804"},{"taxonomy":"product_tag","embeddable":true,"href":"https:\/\/promoalge.com.br\/index.php?rest_route=%2Fwp%2Fv2%2Fproduct_tag&post=804"}],"curies":[{"name":"wp","href":"https:\/\/api.w.org\/{rel}","templated":true}]}}