{"id":8075,"date":"2022-07-05T18:10:28","date_gmt":"2022-07-05T21:10:28","guid":{"rendered":"http:\/\/promoalge.com.br\/?post_type=product&#038;p=8075"},"modified":"2022-07-05T18:10:29","modified_gmt":"2022-07-05T21:10:29","slug":"kit-churrasco-pr94109","status":"publish","type":"product","link":"https:\/\/promoalge.com.br\/?product=kit-churrasco-pr94109","title":{"rendered":"Kit Churrasco &#8211; PR94109"},"content":{"rendered":"","protected":false},"excerpt":{"rendered":"<p>Kit churrasco em estojo de alum\u00ednio. Composto por 5 utens\u00edlios em a\u00e7o inox e alum\u00ednio: faca chefe, faca japonesa, faca boning, garfo e afiador. Pr\u00f3prio para contato com alimento, medidas estojo: 385 x 120 x 69 mm. Grava\u00e7\u00e3o a laser no estojo e l\u00e2mina das facas.<\/p>\n<ul>\n<li>M\u00ednimo 30 unidades.<\/li>\n<\/ul>\n","protected":false},"featured_media":8076,"template":"","meta":[],"product_brand":[],"product_cat":[412],"product_tag":[],"class_list":{"0":"post-8075","1":"product","2":"type-product","3":"status-publish","4":"has-post-thumbnail","6":"product_cat-kits-churrasco","8":"first","9":"instock","10":"shipping-taxable","11":"product-type-simple"},"_links":{"self":[{"href":"https:\/\/promoalge.com.br\/index.php?rest_route=\/wp\/v2\/product\/8075","targetHints":{"allow":["GET"]}}],"collection":[{"href":"https:\/\/promoalge.com.br\/index.php?rest_route=\/wp\/v2\/product"}],"about":[{"href":"https:\/\/promoalge.com.br\/index.php?rest_route=\/wp\/v2\/types\/product"}],"wp:featuredmedia":[{"embeddable":true,"href":"https:\/\/promoalge.com.br\/index.php?rest_route=\/wp\/v2\/media\/8076"}],"wp:attachment":[{"href":"https:\/\/promoalge.com.br\/index.php?rest_route=%2Fwp%2Fv2%2Fmedia&parent=8075"}],"wp:term":[{"taxonomy":"product_brand","embeddable":true,"href":"https:\/\/promoalge.com.br\/index.php?rest_route=%2Fwp%2Fv2%2Fproduct_brand&post=8075"},{"taxonomy":"product_cat","embeddable":true,"href":"https:\/\/promoalge.com.br\/index.php?rest_route=%2Fwp%2Fv2%2Fproduct_cat&post=8075"},{"taxonomy":"product_tag","embeddable":true,"href":"https:\/\/promoalge.com.br\/index.php?rest_route=%2Fwp%2Fv2%2Fproduct_tag&post=8075"}],"curies":[{"name":"wp","href":"https:\/\/api.w.org\/{rel}","templated":true}]}}