{"id":8079,"date":"2022-07-05T18:15:48","date_gmt":"2022-07-05T21:15:48","guid":{"rendered":"http:\/\/promoalge.com.br\/?post_type=product&#038;p=8079"},"modified":"2022-07-05T18:18:06","modified_gmt":"2022-07-05T21:18:06","slug":"suporte-para-facas-pr94110","status":"publish","type":"product","link":"https:\/\/promoalge.com.br\/?product=suporte-para-facas-pr94110","title":{"rendered":"Suporte para Facas &#8211; PR94110"},"content":{"rendered":"","protected":false},"excerpt":{"rendered":"<p>Suporte para facas em madeira de pinho. Incluso conjunto de 5 facas de cozinha: faca utilit\u00e1ria m\u00e9dia, faca utilit\u00e1ria pequena, faca para vegetais, faca para p\u00e3o e faca para carne. Pe\u00e7as em a\u00e7o inox e PP, cabo com acabamento emborrachado. Pr\u00f3prio para contato com alimento, medidas 150 x 310 x 85 mm. Grava\u00e7\u00e3o a laser no suporte e na l\u00e2mina das facas.<\/p>\n<ul>\n<li>M\u00ednimo 30 unidades.<\/li>\n<\/ul>\n","protected":false},"featured_media":8080,"template":"","meta":[],"product_brand":[],"product_cat":[412],"product_tag":[],"class_list":{"0":"post-8079","1":"product","2":"type-product","3":"status-publish","4":"has-post-thumbnail","6":"product_cat-kits-churrasco","8":"first","9":"instock","10":"shipping-taxable","11":"product-type-simple"},"_links":{"self":[{"href":"https:\/\/promoalge.com.br\/index.php?rest_route=\/wp\/v2\/product\/8079","targetHints":{"allow":["GET"]}}],"collection":[{"href":"https:\/\/promoalge.com.br\/index.php?rest_route=\/wp\/v2\/product"}],"about":[{"href":"https:\/\/promoalge.com.br\/index.php?rest_route=\/wp\/v2\/types\/product"}],"wp:featuredmedia":[{"embeddable":true,"href":"https:\/\/promoalge.com.br\/index.php?rest_route=\/wp\/v2\/media\/8080"}],"wp:attachment":[{"href":"https:\/\/promoalge.com.br\/index.php?rest_route=%2Fwp%2Fv2%2Fmedia&parent=8079"}],"wp:term":[{"taxonomy":"product_brand","embeddable":true,"href":"https:\/\/promoalge.com.br\/index.php?rest_route=%2Fwp%2Fv2%2Fproduct_brand&post=8079"},{"taxonomy":"product_cat","embeddable":true,"href":"https:\/\/promoalge.com.br\/index.php?rest_route=%2Fwp%2Fv2%2Fproduct_cat&post=8079"},{"taxonomy":"product_tag","embeddable":true,"href":"https:\/\/promoalge.com.br\/index.php?rest_route=%2Fwp%2Fv2%2Fproduct_tag&post=8079"}],"curies":[{"name":"wp","href":"https:\/\/api.w.org\/{rel}","templated":true}]}}