{"id":8083,"date":"2022-07-06T13:31:33","date_gmt":"2022-07-06T16:31:33","guid":{"rendered":"http:\/\/promoalge.com.br\/?post_type=product&#038;p=8083"},"modified":"2022-07-06T13:31:33","modified_gmt":"2022-07-06T16:31:33","slug":"kit-pizza-kt9021p","status":"publish","type":"product","link":"https:\/\/promoalge.com.br\/?product=kit-pizza-kt9021p","title":{"rendered":"Kit Pizza &#8211; KT9021P"},"content":{"rendered":"","protected":false},"excerpt":{"rendered":"<p>Kit para pizza incluso t\u00e1bua, esp\u00e1tula para Pizza e 2 esp\u00e1tulas pequenas; Cortador de Pizza em Bambu\/Inox; 2 ta\u00e7as em vidro; 2 ramekins em porcelana. Grava\u00e7\u00e3o a laser na t\u00e1bua, ta\u00e7as e serigrafia em 1 cor na caixa.<\/p>\n<ul>\n<li>M\u00ednimo 30 unidades.<\/li>\n<\/ul>\n","protected":false},"featured_media":8086,"template":"","meta":[],"product_brand":[],"product_cat":[49],"product_tag":[],"class_list":{"0":"post-8083","1":"product","2":"type-product","3":"status-publish","4":"has-post-thumbnail","6":"product_cat-bar-queijo-vinhos","8":"first","9":"instock","10":"shipping-taxable","11":"product-type-simple"},"_links":{"self":[{"href":"https:\/\/promoalge.com.br\/index.php?rest_route=\/wp\/v2\/product\/8083","targetHints":{"allow":["GET"]}}],"collection":[{"href":"https:\/\/promoalge.com.br\/index.php?rest_route=\/wp\/v2\/product"}],"about":[{"href":"https:\/\/promoalge.com.br\/index.php?rest_route=\/wp\/v2\/types\/product"}],"wp:featuredmedia":[{"embeddable":true,"href":"https:\/\/promoalge.com.br\/index.php?rest_route=\/wp\/v2\/media\/8086"}],"wp:attachment":[{"href":"https:\/\/promoalge.com.br\/index.php?rest_route=%2Fwp%2Fv2%2Fmedia&parent=8083"}],"wp:term":[{"taxonomy":"product_brand","embeddable":true,"href":"https:\/\/promoalge.com.br\/index.php?rest_route=%2Fwp%2Fv2%2Fproduct_brand&post=8083"},{"taxonomy":"product_cat","embeddable":true,"href":"https:\/\/promoalge.com.br\/index.php?rest_route=%2Fwp%2Fv2%2Fproduct_cat&post=8083"},{"taxonomy":"product_tag","embeddable":true,"href":"https:\/\/promoalge.com.br\/index.php?rest_route=%2Fwp%2Fv2%2Fproduct_tag&post=8083"}],"curies":[{"name":"wp","href":"https:\/\/api.w.org\/{rel}","templated":true}]}}