{"id":8087,"date":"2022-07-06T13:36:11","date_gmt":"2022-07-06T16:36:11","guid":{"rendered":"http:\/\/promoalge.com.br\/?post_type=product&#038;p=8087"},"modified":"2022-07-06T13:36:12","modified_gmt":"2022-07-06T16:36:12","slug":"kit-queijo-vinho-kt90210","status":"publish","type":"product","link":"https:\/\/promoalge.com.br\/?product=kit-queijo-vinho-kt90210","title":{"rendered":"Kit Queijo &#038; Vinho &#8211; KT90210"},"content":{"rendered":"","protected":false},"excerpt":{"rendered":"<p>Kit para Queijo e Vinho com t\u00e1bua para queijo e petiscos, duas facas, sendo uma com ponta e outra reta, garfo e esp\u00e1tula em Madeira\/Inox; duas ta\u00e7as para vinho em Vidro; abridor e tamp\u00e3o em Metal; espa\u00e7o para garrafa com palha. Est\u00e3o perfeitamente acomodados em uma caixa para presentear. N\u00c3O ACOMPANHA GARRAFA.<\/p>\n<p>Personaliza\u00e7\u00e3o:<br \/>\n* Serigrafia em 1 cor na caixa;<br \/>\n* Laser na t\u00e1bua e ta\u00e7as.<\/p>\n<ul>\n<li>M\u00ednimo 30 unidades.<\/li>\n<\/ul>\n","protected":false},"featured_media":8088,"template":"","meta":[],"product_brand":[],"product_cat":[49],"product_tag":[],"class_list":{"0":"post-8087","1":"product","2":"type-product","3":"status-publish","4":"has-post-thumbnail","6":"product_cat-bar-queijo-vinhos","8":"first","9":"instock","10":"shipping-taxable","11":"product-type-simple"},"_links":{"self":[{"href":"https:\/\/promoalge.com.br\/index.php?rest_route=\/wp\/v2\/product\/8087","targetHints":{"allow":["GET"]}}],"collection":[{"href":"https:\/\/promoalge.com.br\/index.php?rest_route=\/wp\/v2\/product"}],"about":[{"href":"https:\/\/promoalge.com.br\/index.php?rest_route=\/wp\/v2\/types\/product"}],"wp:featuredmedia":[{"embeddable":true,"href":"https:\/\/promoalge.com.br\/index.php?rest_route=\/wp\/v2\/media\/8088"}],"wp:attachment":[{"href":"https:\/\/promoalge.com.br\/index.php?rest_route=%2Fwp%2Fv2%2Fmedia&parent=8087"}],"wp:term":[{"taxonomy":"product_brand","embeddable":true,"href":"https:\/\/promoalge.com.br\/index.php?rest_route=%2Fwp%2Fv2%2Fproduct_brand&post=8087"},{"taxonomy":"product_cat","embeddable":true,"href":"https:\/\/promoalge.com.br\/index.php?rest_route=%2Fwp%2Fv2%2Fproduct_cat&post=8087"},{"taxonomy":"product_tag","embeddable":true,"href":"https:\/\/promoalge.com.br\/index.php?rest_route=%2Fwp%2Fv2%2Fproduct_tag&post=8087"}],"curies":[{"name":"wp","href":"https:\/\/api.w.org\/{rel}","templated":true}]}}