{"id":8089,"date":"2022-07-06T13:44:54","date_gmt":"2022-07-06T16:44:54","guid":{"rendered":"http:\/\/promoalge.com.br\/?post_type=product&#038;p=8089"},"modified":"2022-07-06T13:44:54","modified_gmt":"2022-07-06T16:44:54","slug":"kit-queijo-vinho-kt90214","status":"publish","type":"product","link":"https:\/\/promoalge.com.br\/?product=kit-queijo-vinho-kt90214","title":{"rendered":"Kit Queijo &#038; Vinho &#8211; KT90214"},"content":{"rendered":"","protected":false},"excerpt":{"rendered":"<p>Kit queijo e vinho conta com t\u00e1bua em bambu; 4 faquinhas para queijo em madeira \/ inox; tamp\u00e3o para garrafa em inox; 2 ta\u00e7as em vidro; espa\u00e7o para garrafa com palha ( N\u00e3o acompanha garrafa).<br \/>\nPersonaliza\u00e7\u00e3o:<br \/>\n* Serigrafia em 1 cor na caixa<br \/>\n* Laser na t\u00e1bua e faca.<\/p>\n<ul>\n<li>M\u00ednimo 30 unidades.<\/li>\n<\/ul>\n","protected":false},"featured_media":8090,"template":"","meta":[],"product_brand":[],"product_cat":[49],"product_tag":[],"class_list":{"0":"post-8089","1":"product","2":"type-product","3":"status-publish","4":"has-post-thumbnail","6":"product_cat-bar-queijo-vinhos","8":"first","9":"instock","10":"shipping-taxable","11":"product-type-simple"},"_links":{"self":[{"href":"https:\/\/promoalge.com.br\/index.php?rest_route=\/wp\/v2\/product\/8089","targetHints":{"allow":["GET"]}}],"collection":[{"href":"https:\/\/promoalge.com.br\/index.php?rest_route=\/wp\/v2\/product"}],"about":[{"href":"https:\/\/promoalge.com.br\/index.php?rest_route=\/wp\/v2\/types\/product"}],"wp:featuredmedia":[{"embeddable":true,"href":"https:\/\/promoalge.com.br\/index.php?rest_route=\/wp\/v2\/media\/8090"}],"wp:attachment":[{"href":"https:\/\/promoalge.com.br\/index.php?rest_route=%2Fwp%2Fv2%2Fmedia&parent=8089"}],"wp:term":[{"taxonomy":"product_brand","embeddable":true,"href":"https:\/\/promoalge.com.br\/index.php?rest_route=%2Fwp%2Fv2%2Fproduct_brand&post=8089"},{"taxonomy":"product_cat","embeddable":true,"href":"https:\/\/promoalge.com.br\/index.php?rest_route=%2Fwp%2Fv2%2Fproduct_cat&post=8089"},{"taxonomy":"product_tag","embeddable":true,"href":"https:\/\/promoalge.com.br\/index.php?rest_route=%2Fwp%2Fv2%2Fproduct_tag&post=8089"}],"curies":[{"name":"wp","href":"https:\/\/api.w.org\/{rel}","templated":true}]}}