{"id":8091,"date":"2022-07-06T13:53:20","date_gmt":"2022-07-06T16:53:20","guid":{"rendered":"http:\/\/promoalge.com.br\/?post_type=product&#038;p=8091"},"modified":"2022-07-06T13:53:20","modified_gmt":"2022-07-06T16:53:20","slug":"kit-petiscos-pd03323","status":"publish","type":"product","link":"https:\/\/promoalge.com.br\/?product=kit-petiscos-pd03323","title":{"rendered":"Kit Petiscos &#8211; PD03323"},"content":{"rendered":"","protected":false},"excerpt":{"rendered":"<p>Conjunto para petisco em Bambu\/Fibra de Bambu; Acompanha cinco potes em fibra de Bambu; Quatro garfos em A\u00e7o Inox com ponta em formato de azeitona; Base em Bambu com al\u00e7as em A\u00e7o Inoxid\u00e1vel. Grava\u00e7\u00e3o a laser na base em bambu.<\/p>\n<ul>\n<li>M\u00ednimo 30 unidades.<\/li>\n<\/ul>\n","protected":false},"featured_media":8094,"template":"","meta":[],"product_brand":[],"product_cat":[49],"product_tag":[],"class_list":{"0":"post-8091","1":"product","2":"type-product","3":"status-publish","4":"has-post-thumbnail","6":"product_cat-bar-queijo-vinhos","8":"first","9":"instock","10":"shipping-taxable","11":"product-type-simple"},"_links":{"self":[{"href":"https:\/\/promoalge.com.br\/index.php?rest_route=\/wp\/v2\/product\/8091","targetHints":{"allow":["GET"]}}],"collection":[{"href":"https:\/\/promoalge.com.br\/index.php?rest_route=\/wp\/v2\/product"}],"about":[{"href":"https:\/\/promoalge.com.br\/index.php?rest_route=\/wp\/v2\/types\/product"}],"wp:featuredmedia":[{"embeddable":true,"href":"https:\/\/promoalge.com.br\/index.php?rest_route=\/wp\/v2\/media\/8094"}],"wp:attachment":[{"href":"https:\/\/promoalge.com.br\/index.php?rest_route=%2Fwp%2Fv2%2Fmedia&parent=8091"}],"wp:term":[{"taxonomy":"product_brand","embeddable":true,"href":"https:\/\/promoalge.com.br\/index.php?rest_route=%2Fwp%2Fv2%2Fproduct_brand&post=8091"},{"taxonomy":"product_cat","embeddable":true,"href":"https:\/\/promoalge.com.br\/index.php?rest_route=%2Fwp%2Fv2%2Fproduct_cat&post=8091"},{"taxonomy":"product_tag","embeddable":true,"href":"https:\/\/promoalge.com.br\/index.php?rest_route=%2Fwp%2Fv2%2Fproduct_tag&post=8091"}],"curies":[{"name":"wp","href":"https:\/\/api.w.org\/{rel}","templated":true}]}}