{"id":8187,"date":"2022-08-30T09:34:19","date_gmt":"2022-08-30T12:34:19","guid":{"rendered":"http:\/\/promoalge.com.br\/?post_type=product&#038;p=8187"},"modified":"2025-08-12T15:06:32","modified_gmt":"2025-08-12T18:06:32","slug":"copo-termico-parede-dupla-pr14726","status":"publish","type":"product","link":"https:\/\/promoalge.com.br\/?product=copo-termico-parede-dupla-pr14726","title":{"rendered":"Copo T\u00e9rmico Parede Dupla &#8211; PR14726"},"content":{"rendered":"","protected":false},"excerpt":{"rendered":"<p>Copo t\u00e9rmico 350ml de parede dupla em inox livre de BPA, cont\u00e9m tampa com bocal.<\/p>\n<p>Altura : 11,7 cm<\/p>\n<p>Largura : 8,7 cm<\/p>\n<p>Circunfer\u00eancia : 27,7 cm<\/p>\n<p>Grava\u00e7\u00e3o a laser.<\/p>\n<ul>\n<li>M\u00ednimo 50 unidades.<\/li>\n<\/ul>\n","protected":false},"featured_media":8188,"template":"","meta":[],"product_brand":[],"product_cat":[237],"product_tag":[],"class_list":{"0":"post-8187","1":"product","2":"type-product","3":"status-publish","4":"has-post-thumbnail","6":"product_cat-metalicas","8":"first","9":"instock","10":"shipping-taxable","11":"product-type-simple"},"_links":{"self":[{"href":"https:\/\/promoalge.com.br\/index.php?rest_route=\/wp\/v2\/product\/8187","targetHints":{"allow":["GET"]}}],"collection":[{"href":"https:\/\/promoalge.com.br\/index.php?rest_route=\/wp\/v2\/product"}],"about":[{"href":"https:\/\/promoalge.com.br\/index.php?rest_route=\/wp\/v2\/types\/product"}],"wp:featuredmedia":[{"embeddable":true,"href":"https:\/\/promoalge.com.br\/index.php?rest_route=\/wp\/v2\/media\/8188"}],"wp:attachment":[{"href":"https:\/\/promoalge.com.br\/index.php?rest_route=%2Fwp%2Fv2%2Fmedia&parent=8187"}],"wp:term":[{"taxonomy":"product_brand","embeddable":true,"href":"https:\/\/promoalge.com.br\/index.php?rest_route=%2Fwp%2Fv2%2Fproduct_brand&post=8187"},{"taxonomy":"product_cat","embeddable":true,"href":"https:\/\/promoalge.com.br\/index.php?rest_route=%2Fwp%2Fv2%2Fproduct_cat&post=8187"},{"taxonomy":"product_tag","embeddable":true,"href":"https:\/\/promoalge.com.br\/index.php?rest_route=%2Fwp%2Fv2%2Fproduct_tag&post=8187"}],"curies":[{"name":"wp","href":"https:\/\/api.w.org\/{rel}","templated":true}]}}