{"id":8244,"date":"2022-09-22T14:33:48","date_gmt":"2022-09-22T17:33:48","guid":{"rendered":"http:\/\/promoalge.com.br\/?post_type=product&#038;p=8244"},"modified":"2022-09-22T14:33:49","modified_gmt":"2022-09-22T17:33:49","slug":"jogo-de-tacas-de-vidro-p-vinho-pr08612","status":"publish","type":"product","link":"https:\/\/promoalge.com.br\/?product=jogo-de-tacas-de-vidro-p-vinho-pr08612","title":{"rendered":"Jogo De Ta\u00e7as De Vidro P\/ Vinho &#8211; PR08612"},"content":{"rendered":"","protected":false},"excerpt":{"rendered":"<p>Jogo com 2 ta\u00e7as de Vidro para Vinho capacidade 490ml, incluso caixa com ber\u00e7o para as ta\u00e7as. Grava\u00e7\u00e3o a laser nas ta\u00e7as e serigrafia em 1 cor na caixa.<\/p>\n<ul>\n<li>M\u00ednimo 50 unidades.<\/li>\n<\/ul>\n","protected":false},"featured_media":8245,"template":"","meta":[],"product_brand":[],"product_cat":[49,418],"product_tag":[],"class_list":{"0":"post-8244","1":"product","2":"type-product","3":"status-publish","4":"has-post-thumbnail","6":"product_cat-bar-queijo-vinhos","7":"product_cat-porcelana-e-vidros","9":"first","10":"instock","11":"shipping-taxable","12":"product-type-simple"},"_links":{"self":[{"href":"https:\/\/promoalge.com.br\/index.php?rest_route=\/wp\/v2\/product\/8244","targetHints":{"allow":["GET"]}}],"collection":[{"href":"https:\/\/promoalge.com.br\/index.php?rest_route=\/wp\/v2\/product"}],"about":[{"href":"https:\/\/promoalge.com.br\/index.php?rest_route=\/wp\/v2\/types\/product"}],"wp:featuredmedia":[{"embeddable":true,"href":"https:\/\/promoalge.com.br\/index.php?rest_route=\/wp\/v2\/media\/8245"}],"wp:attachment":[{"href":"https:\/\/promoalge.com.br\/index.php?rest_route=%2Fwp%2Fv2%2Fmedia&parent=8244"}],"wp:term":[{"taxonomy":"product_brand","embeddable":true,"href":"https:\/\/promoalge.com.br\/index.php?rest_route=%2Fwp%2Fv2%2Fproduct_brand&post=8244"},{"taxonomy":"product_cat","embeddable":true,"href":"https:\/\/promoalge.com.br\/index.php?rest_route=%2Fwp%2Fv2%2Fproduct_cat&post=8244"},{"taxonomy":"product_tag","embeddable":true,"href":"https:\/\/promoalge.com.br\/index.php?rest_route=%2Fwp%2Fv2%2Fproduct_tag&post=8244"}],"curies":[{"name":"wp","href":"https:\/\/api.w.org\/{rel}","templated":true}]}}