{"id":8252,"date":"2022-09-23T11:55:28","date_gmt":"2022-09-23T14:55:28","guid":{"rendered":"http:\/\/promoalge.com.br\/?post_type=product&#038;p=8252"},"modified":"2022-09-23T11:55:28","modified_gmt":"2022-09-23T14:55:28","slug":"copo-cancun-320-ml-pr142gc","status":"publish","type":"product","link":"https:\/\/promoalge.com.br\/?product=copo-cancun-320-ml-pr142gc","title":{"rendered":"Copo Cancun 320 ml &#8211; PR142GC"},"content":{"rendered":"","protected":false},"excerpt":{"rendered":"<p>Copo capacidade para 320ml, copo sustent\u00e1vel feito com 50% de fibra de madeira e 50% de Pl\u00e1stico Premium (PP). Produzido em material at\u00f3xico e resistente ao micro-ondas e m\u00e1quina de lavar. Grava\u00e7\u00e3o serigrafia em 1 cor.<\/p>\n<ul>\n<li>M\u00ednimo 100 pe\u00e7as.<\/li>\n<\/ul>\n","protected":false},"featured_media":8253,"template":"","meta":[],"product_brand":[],"product_cat":[251,321],"product_tag":[],"class_list":{"0":"post-8252","1":"product","2":"type-product","3":"status-publish","4":"has-post-thumbnail","6":"product_cat-plastica-canecas-copos-garrafas","7":"product_cat-linha-ecologica","9":"first","10":"instock","11":"shipping-taxable","12":"product-type-simple"},"_links":{"self":[{"href":"https:\/\/promoalge.com.br\/index.php?rest_route=\/wp\/v2\/product\/8252","targetHints":{"allow":["GET"]}}],"collection":[{"href":"https:\/\/promoalge.com.br\/index.php?rest_route=\/wp\/v2\/product"}],"about":[{"href":"https:\/\/promoalge.com.br\/index.php?rest_route=\/wp\/v2\/types\/product"}],"wp:featuredmedia":[{"embeddable":true,"href":"https:\/\/promoalge.com.br\/index.php?rest_route=\/wp\/v2\/media\/8253"}],"wp:attachment":[{"href":"https:\/\/promoalge.com.br\/index.php?rest_route=%2Fwp%2Fv2%2Fmedia&parent=8252"}],"wp:term":[{"taxonomy":"product_brand","embeddable":true,"href":"https:\/\/promoalge.com.br\/index.php?rest_route=%2Fwp%2Fv2%2Fproduct_brand&post=8252"},{"taxonomy":"product_cat","embeddable":true,"href":"https:\/\/promoalge.com.br\/index.php?rest_route=%2Fwp%2Fv2%2Fproduct_cat&post=8252"},{"taxonomy":"product_tag","embeddable":true,"href":"https:\/\/promoalge.com.br\/index.php?rest_route=%2Fwp%2Fv2%2Fproduct_tag&post=8252"}],"curies":[{"name":"wp","href":"https:\/\/api.w.org\/{rel}","templated":true}]}}