{"id":8271,"date":"2022-10-03T18:03:14","date_gmt":"2022-10-03T21:03:14","guid":{"rendered":"http:\/\/promoalge.com.br\/?post_type=product&#038;p=8271"},"modified":"2022-10-03T18:03:15","modified_gmt":"2022-10-03T21:03:15","slug":"kit-churrasco-pr20073","status":"publish","type":"product","link":"https:\/\/promoalge.com.br\/?product=kit-churrasco-pr20073","title":{"rendered":"Kit Churrasco &#8211; PR20073"},"content":{"rendered":"","protected":false},"excerpt":{"rendered":"<p>Conjunto para churrasco incluso garfo, faca e t\u00e1bua. Medidas t\u00e1bua : 32x17x1,2cm. Incluso personaliza\u00e7\u00e3o na faca, t\u00e1bua e caixa.<\/p>\n","protected":false},"featured_media":8272,"template":"","meta":[],"product_brand":[],"product_cat":[412],"product_tag":[],"class_list":{"0":"post-8271","1":"product","2":"type-product","3":"status-publish","4":"has-post-thumbnail","6":"product_cat-kits-churrasco","8":"first","9":"instock","10":"shipping-taxable","11":"product-type-simple"},"_links":{"self":[{"href":"https:\/\/promoalge.com.br\/index.php?rest_route=\/wp\/v2\/product\/8271","targetHints":{"allow":["GET"]}}],"collection":[{"href":"https:\/\/promoalge.com.br\/index.php?rest_route=\/wp\/v2\/product"}],"about":[{"href":"https:\/\/promoalge.com.br\/index.php?rest_route=\/wp\/v2\/types\/product"}],"wp:featuredmedia":[{"embeddable":true,"href":"https:\/\/promoalge.com.br\/index.php?rest_route=\/wp\/v2\/media\/8272"}],"wp:attachment":[{"href":"https:\/\/promoalge.com.br\/index.php?rest_route=%2Fwp%2Fv2%2Fmedia&parent=8271"}],"wp:term":[{"taxonomy":"product_brand","embeddable":true,"href":"https:\/\/promoalge.com.br\/index.php?rest_route=%2Fwp%2Fv2%2Fproduct_brand&post=8271"},{"taxonomy":"product_cat","embeddable":true,"href":"https:\/\/promoalge.com.br\/index.php?rest_route=%2Fwp%2Fv2%2Fproduct_cat&post=8271"},{"taxonomy":"product_tag","embeddable":true,"href":"https:\/\/promoalge.com.br\/index.php?rest_route=%2Fwp%2Fv2%2Fproduct_tag&post=8271"}],"curies":[{"name":"wp","href":"https:\/\/api.w.org\/{rel}","templated":true}]}}