{"id":8287,"date":"2022-10-27T17:56:57","date_gmt":"2022-10-27T20:56:57","guid":{"rendered":"http:\/\/promoalge.com.br\/?post_type=product&#038;p=8287"},"modified":"2022-10-27T17:56:57","modified_gmt":"2022-10-27T20:56:57","slug":"sacola-de-pvc-mps253210","status":"publish","type":"product","link":"https:\/\/promoalge.com.br\/?product=sacola-de-pvc-mps253210","title":{"rendered":"Sacola de PVC &#8211; MPS253210"},"content":{"rendered":"","protected":false},"excerpt":{"rendered":"<p>Sacola Retangular com Al\u00e7a de Ombro e Fole TOTAL PVC Cristal 020 mm Transparente, Al\u00e7a de PVC 20 mm  25 cm largura x 31 cm altura x 10 cm fole. Grava\u00e7\u00e3o serigrafia em 1 cor<\/p>\n<p>* M\u00ednimo 200 unidades.<\/p>\n","protected":false},"featured_media":8288,"template":"","meta":[],"product_brand":[],"product_cat":[410],"product_tag":[],"class_list":{"0":"post-8287","1":"product","2":"type-product","3":"status-publish","4":"has-post-thumbnail","6":"product_cat-eventos-pastas-pvc","8":"first","9":"instock","10":"shipping-taxable","11":"product-type-simple"},"_links":{"self":[{"href":"https:\/\/promoalge.com.br\/index.php?rest_route=\/wp\/v2\/product\/8287","targetHints":{"allow":["GET"]}}],"collection":[{"href":"https:\/\/promoalge.com.br\/index.php?rest_route=\/wp\/v2\/product"}],"about":[{"href":"https:\/\/promoalge.com.br\/index.php?rest_route=\/wp\/v2\/types\/product"}],"wp:featuredmedia":[{"embeddable":true,"href":"https:\/\/promoalge.com.br\/index.php?rest_route=\/wp\/v2\/media\/8288"}],"wp:attachment":[{"href":"https:\/\/promoalge.com.br\/index.php?rest_route=%2Fwp%2Fv2%2Fmedia&parent=8287"}],"wp:term":[{"taxonomy":"product_brand","embeddable":true,"href":"https:\/\/promoalge.com.br\/index.php?rest_route=%2Fwp%2Fv2%2Fproduct_brand&post=8287"},{"taxonomy":"product_cat","embeddable":true,"href":"https:\/\/promoalge.com.br\/index.php?rest_route=%2Fwp%2Fv2%2Fproduct_cat&post=8287"},{"taxonomy":"product_tag","embeddable":true,"href":"https:\/\/promoalge.com.br\/index.php?rest_route=%2Fwp%2Fv2%2Fproduct_tag&post=8287"}],"curies":[{"name":"wp","href":"https:\/\/api.w.org\/{rel}","templated":true}]}}