{"id":8348,"date":"2023-01-27T12:47:15","date_gmt":"2023-01-27T15:47:15","guid":{"rendered":"http:\/\/promoalge.com.br\/?post_type=product&#038;p=8348"},"modified":"2025-08-07T17:29:09","modified_gmt":"2025-08-07T20:29:09","slug":"copo-de-vidro-termico-pr94785","status":"publish","type":"product","link":"https:\/\/promoalge.com.br\/?product=copo-de-vidro-termico-pr94785","title":{"rendered":"Copo de Vidro T\u00e9rmico &#8211; PR94785"},"content":{"rendered":"","protected":false},"excerpt":{"rendered":"<p>Copo de vidro isot\u00e9rmico com parede dupla isolada a ar e capacidade at\u00e9 220 ml, medidas \u00f880 x 86 mm. Grava\u00e7\u00e3o a laser.<\/p>\n","protected":false},"featured_media":8349,"template":"","meta":[],"product_brand":[],"product_cat":[237,418],"product_tag":[],"class_list":{"0":"post-8348","1":"product","2":"type-product","3":"status-publish","4":"has-post-thumbnail","6":"product_cat-metalicas","7":"product_cat-porcelana-e-vidros","9":"first","10":"instock","11":"shipping-taxable","12":"product-type-simple"},"_links":{"self":[{"href":"https:\/\/promoalge.com.br\/index.php?rest_route=\/wp\/v2\/product\/8348","targetHints":{"allow":["GET"]}}],"collection":[{"href":"https:\/\/promoalge.com.br\/index.php?rest_route=\/wp\/v2\/product"}],"about":[{"href":"https:\/\/promoalge.com.br\/index.php?rest_route=\/wp\/v2\/types\/product"}],"wp:featuredmedia":[{"embeddable":true,"href":"https:\/\/promoalge.com.br\/index.php?rest_route=\/wp\/v2\/media\/8349"}],"wp:attachment":[{"href":"https:\/\/promoalge.com.br\/index.php?rest_route=%2Fwp%2Fv2%2Fmedia&parent=8348"}],"wp:term":[{"taxonomy":"product_brand","embeddable":true,"href":"https:\/\/promoalge.com.br\/index.php?rest_route=%2Fwp%2Fv2%2Fproduct_brand&post=8348"},{"taxonomy":"product_cat","embeddable":true,"href":"https:\/\/promoalge.com.br\/index.php?rest_route=%2Fwp%2Fv2%2Fproduct_cat&post=8348"},{"taxonomy":"product_tag","embeddable":true,"href":"https:\/\/promoalge.com.br\/index.php?rest_route=%2Fwp%2Fv2%2Fproduct_tag&post=8348"}],"curies":[{"name":"wp","href":"https:\/\/api.w.org\/{rel}","templated":true}]}}