{"id":8374,"date":"2023-02-13T17:06:32","date_gmt":"2023-02-13T20:06:32","guid":{"rendered":"http:\/\/promoalge.com.br\/?post_type=product&#038;p=8374"},"modified":"2023-02-13T17:06:32","modified_gmt":"2023-02-13T20:06:32","slug":"caneta-plastica-pr13690","status":"publish","type":"product","link":"https:\/\/promoalge.com.br\/?product=caneta-plastica-pr13690","title":{"rendered":"Caneta Pl\u00e1stica &#8211; PR13690"},"content":{"rendered":"","protected":false},"excerpt":{"rendered":"<p>Caneta esferogr\u00e1fica com corpo pl\u00e1stico. Grava\u00e7\u00e3o serigrafia em 1 cor.<br \/>\n* M\u00ednimo 500 unidades.<\/p>\n","protected":false},"featured_media":8375,"template":"","meta":[],"product_brand":[],"product_cat":[18],"product_tag":[],"class_list":{"0":"post-8374","1":"product","2":"type-product","3":"status-publish","4":"has-post-thumbnail","6":"product_cat-canetas-plastica","8":"first","9":"instock","10":"shipping-taxable","11":"product-type-simple"},"_links":{"self":[{"href":"https:\/\/promoalge.com.br\/index.php?rest_route=\/wp\/v2\/product\/8374","targetHints":{"allow":["GET"]}}],"collection":[{"href":"https:\/\/promoalge.com.br\/index.php?rest_route=\/wp\/v2\/product"}],"about":[{"href":"https:\/\/promoalge.com.br\/index.php?rest_route=\/wp\/v2\/types\/product"}],"wp:featuredmedia":[{"embeddable":true,"href":"https:\/\/promoalge.com.br\/index.php?rest_route=\/wp\/v2\/media\/8375"}],"wp:attachment":[{"href":"https:\/\/promoalge.com.br\/index.php?rest_route=%2Fwp%2Fv2%2Fmedia&parent=8374"}],"wp:term":[{"taxonomy":"product_brand","embeddable":true,"href":"https:\/\/promoalge.com.br\/index.php?rest_route=%2Fwp%2Fv2%2Fproduct_brand&post=8374"},{"taxonomy":"product_cat","embeddable":true,"href":"https:\/\/promoalge.com.br\/index.php?rest_route=%2Fwp%2Fv2%2Fproduct_cat&post=8374"},{"taxonomy":"product_tag","embeddable":true,"href":"https:\/\/promoalge.com.br\/index.php?rest_route=%2Fwp%2Fv2%2Fproduct_tag&post=8374"}],"curies":[{"name":"wp","href":"https:\/\/api.w.org\/{rel}","templated":true}]}}