{"id":8383,"date":"2023-03-13T16:27:58","date_gmt":"2023-03-13T19:27:58","guid":{"rendered":"http:\/\/promoalge.com.br\/?post_type=product&#038;p=8383"},"modified":"2023-03-13T16:27:58","modified_gmt":"2023-03-13T19:27:58","slug":"squeeze-garrafa-550-ml-prga7500","status":"publish","type":"product","link":"https:\/\/promoalge.com.br\/?product=squeeze-garrafa-550-ml-prga7500","title":{"rendered":"Squeeze \/ Garrafa 550 ml &#8211; PRGA7500"},"content":{"rendered":"","protected":false},"excerpt":{"rendered":"<p>Garrafa produzidza em *RPET (Tereftalato de polietileno reciclado) com capacidade de at\u00e9 550ml com al\u00e7a em cord\u00e3o e tampa de metal, medidas 22,7&#215;6,5cm. Grava\u00e7\u00e3o serigrafia em 1 cor.<br \/>\n* M\u00ednimo 100 unidades.<\/p>\n","protected":false},"featured_media":8384,"template":"","meta":[],"product_brand":[],"product_cat":[251],"product_tag":[],"class_list":{"0":"post-8383","1":"product","2":"type-product","3":"status-publish","4":"has-post-thumbnail","6":"product_cat-plastica-canecas-copos-garrafas","8":"first","9":"instock","10":"shipping-taxable","11":"product-type-simple"},"_links":{"self":[{"href":"https:\/\/promoalge.com.br\/index.php?rest_route=\/wp\/v2\/product\/8383","targetHints":{"allow":["GET"]}}],"collection":[{"href":"https:\/\/promoalge.com.br\/index.php?rest_route=\/wp\/v2\/product"}],"about":[{"href":"https:\/\/promoalge.com.br\/index.php?rest_route=\/wp\/v2\/types\/product"}],"wp:featuredmedia":[{"embeddable":true,"href":"https:\/\/promoalge.com.br\/index.php?rest_route=\/wp\/v2\/media\/8384"}],"wp:attachment":[{"href":"https:\/\/promoalge.com.br\/index.php?rest_route=%2Fwp%2Fv2%2Fmedia&parent=8383"}],"wp:term":[{"taxonomy":"product_brand","embeddable":true,"href":"https:\/\/promoalge.com.br\/index.php?rest_route=%2Fwp%2Fv2%2Fproduct_brand&post=8383"},{"taxonomy":"product_cat","embeddable":true,"href":"https:\/\/promoalge.com.br\/index.php?rest_route=%2Fwp%2Fv2%2Fproduct_cat&post=8383"},{"taxonomy":"product_tag","embeddable":true,"href":"https:\/\/promoalge.com.br\/index.php?rest_route=%2Fwp%2Fv2%2Fproduct_tag&post=8383"}],"curies":[{"name":"wp","href":"https:\/\/api.w.org\/{rel}","templated":true}]}}