{"id":8393,"date":"2023-03-15T18:11:18","date_gmt":"2023-03-15T21:11:18","guid":{"rendered":"http:\/\/promoalge.com.br\/?post_type=product&#038;p=8393"},"modified":"2023-03-15T18:11:18","modified_gmt":"2023-03-15T21:11:18","slug":"bolsa-termica-26-litros-pr1328","status":"publish","type":"product","link":"https:\/\/promoalge.com.br\/?product=bolsa-termica-26-litros-pr1328","title":{"rendered":"Bolsa T\u00e9rmica 2,6 Litros &#8211; PR1328"},"content":{"rendered":"","protected":false},"excerpt":{"rendered":"<p>Bolsa t\u00e9rmica de nylon 2,6 litros com al\u00e7a de m\u00e3o e fechamento com z\u00edper, medidas  10,5 cm x 20,5 cm x 13 cm. Grava\u00e7\u00e3o serigrafia em 1 cor.<br \/>\n* M\u00ednimo 50 unidades.<\/p>\n","protected":false},"featured_media":8397,"template":"","meta":[],"product_brand":[],"product_cat":[79,414],"product_tag":[],"class_list":{"0":"post-8393","1":"product","2":"type-product","3":"status-publish","4":"has-post-thumbnail","6":"product_cat-bolsas-mochilas","7":"product_cat-praia-verao","9":"first","10":"instock","11":"shipping-taxable","12":"product-type-simple"},"_links":{"self":[{"href":"https:\/\/promoalge.com.br\/index.php?rest_route=\/wp\/v2\/product\/8393","targetHints":{"allow":["GET"]}}],"collection":[{"href":"https:\/\/promoalge.com.br\/index.php?rest_route=\/wp\/v2\/product"}],"about":[{"href":"https:\/\/promoalge.com.br\/index.php?rest_route=\/wp\/v2\/types\/product"}],"wp:featuredmedia":[{"embeddable":true,"href":"https:\/\/promoalge.com.br\/index.php?rest_route=\/wp\/v2\/media\/8397"}],"wp:attachment":[{"href":"https:\/\/promoalge.com.br\/index.php?rest_route=%2Fwp%2Fv2%2Fmedia&parent=8393"}],"wp:term":[{"taxonomy":"product_brand","embeddable":true,"href":"https:\/\/promoalge.com.br\/index.php?rest_route=%2Fwp%2Fv2%2Fproduct_brand&post=8393"},{"taxonomy":"product_cat","embeddable":true,"href":"https:\/\/promoalge.com.br\/index.php?rest_route=%2Fwp%2Fv2%2Fproduct_cat&post=8393"},{"taxonomy":"product_tag","embeddable":true,"href":"https:\/\/promoalge.com.br\/index.php?rest_route=%2Fwp%2Fv2%2Fproduct_tag&post=8393"}],"curies":[{"name":"wp","href":"https:\/\/api.w.org\/{rel}","templated":true}]}}