{"id":8426,"date":"2023-03-30T15:46:30","date_gmt":"2023-03-30T18:46:30","guid":{"rendered":"http:\/\/promoalge.com.br\/?post_type=product&#038;p=8426"},"modified":"2023-03-30T15:46:30","modified_gmt":"2023-03-30T18:46:30","slug":"garrafa-termica-650-ml-pr4098","status":"publish","type":"product","link":"https:\/\/promoalge.com.br\/?product=garrafa-termica-650-ml-pr4098","title":{"rendered":"Garrafa T\u00e9rmica 650 ml &#8211; PR4098"},"content":{"rendered":"","protected":false},"excerpt":{"rendered":"<p>Garrafa t\u00e9rmica de parede dupla em inox, capacidade de 650ml. Tampa com al\u00e7a de transporte, bico flip e canudo interno.<\/p>\n<p>Altura :  24,6 cm<\/p>\n<p>Largura :  8,1 cm<\/p>\n<p>Circunfer\u00eancia :  25,6 cm<\/p>\n<p>Grava\u00e7\u00e3o a laser.<\/p>\n<p>* M\u00ednimo 50 unidades.<\/p>\n","protected":false},"featured_media":8434,"template":"","meta":[],"product_brand":[],"product_cat":[237],"product_tag":[],"class_list":{"0":"post-8426","1":"product","2":"type-product","3":"status-publish","4":"has-post-thumbnail","6":"product_cat-metalicas","8":"first","9":"instock","10":"shipping-taxable","11":"product-type-simple"},"_links":{"self":[{"href":"https:\/\/promoalge.com.br\/index.php?rest_route=\/wp\/v2\/product\/8426","targetHints":{"allow":["GET"]}}],"collection":[{"href":"https:\/\/promoalge.com.br\/index.php?rest_route=\/wp\/v2\/product"}],"about":[{"href":"https:\/\/promoalge.com.br\/index.php?rest_route=\/wp\/v2\/types\/product"}],"wp:featuredmedia":[{"embeddable":true,"href":"https:\/\/promoalge.com.br\/index.php?rest_route=\/wp\/v2\/media\/8434"}],"wp:attachment":[{"href":"https:\/\/promoalge.com.br\/index.php?rest_route=%2Fwp%2Fv2%2Fmedia&parent=8426"}],"wp:term":[{"taxonomy":"product_brand","embeddable":true,"href":"https:\/\/promoalge.com.br\/index.php?rest_route=%2Fwp%2Fv2%2Fproduct_brand&post=8426"},{"taxonomy":"product_cat","embeddable":true,"href":"https:\/\/promoalge.com.br\/index.php?rest_route=%2Fwp%2Fv2%2Fproduct_cat&post=8426"},{"taxonomy":"product_tag","embeddable":true,"href":"https:\/\/promoalge.com.br\/index.php?rest_route=%2Fwp%2Fv2%2Fproduct_tag&post=8426"}],"curies":[{"name":"wp","href":"https:\/\/api.w.org\/{rel}","templated":true}]}}