{"id":8446,"date":"2023-03-30T17:24:33","date_gmt":"2023-03-30T20:24:33","guid":{"rendered":"http:\/\/promoalge.com.br\/?post_type=product&#038;p=8446"},"modified":"2023-03-30T17:24:34","modified_gmt":"2023-03-30T20:24:34","slug":"porta-garrafa-pr94247","status":"publish","type":"product","link":"https:\/\/promoalge.com.br\/?product=porta-garrafa-pr94247","title":{"rendered":"Porta Garrafa &#8211; PR94247"},"content":{"rendered":"","protected":false},"excerpt":{"rendered":"<p>Manta refrigeradora produzida em nylon com el\u00e1stico nas laterais, medidas 160 x 230 mm. Grava\u00e7\u00e3o serigrafia em 1 cor.<\/p>\n<p>Fornecido em caixa presente<\/p>\n<p>* M\u00ednimo 50 unidades.<\/p>\n","protected":false},"featured_media":8447,"template":"","meta":[],"product_brand":[],"product_cat":[49,353],"product_tag":[],"class_list":{"0":"post-8446","1":"product","2":"type-product","3":"status-publish","4":"has-post-thumbnail","6":"product_cat-bar-queijo-vinhos","7":"product_cat-diversos","9":"first","10":"instock","11":"shipping-taxable","12":"product-type-simple"},"_links":{"self":[{"href":"https:\/\/promoalge.com.br\/index.php?rest_route=\/wp\/v2\/product\/8446","targetHints":{"allow":["GET"]}}],"collection":[{"href":"https:\/\/promoalge.com.br\/index.php?rest_route=\/wp\/v2\/product"}],"about":[{"href":"https:\/\/promoalge.com.br\/index.php?rest_route=\/wp\/v2\/types\/product"}],"wp:featuredmedia":[{"embeddable":true,"href":"https:\/\/promoalge.com.br\/index.php?rest_route=\/wp\/v2\/media\/8447"}],"wp:attachment":[{"href":"https:\/\/promoalge.com.br\/index.php?rest_route=%2Fwp%2Fv2%2Fmedia&parent=8446"}],"wp:term":[{"taxonomy":"product_brand","embeddable":true,"href":"https:\/\/promoalge.com.br\/index.php?rest_route=%2Fwp%2Fv2%2Fproduct_brand&post=8446"},{"taxonomy":"product_cat","embeddable":true,"href":"https:\/\/promoalge.com.br\/index.php?rest_route=%2Fwp%2Fv2%2Fproduct_cat&post=8446"},{"taxonomy":"product_tag","embeddable":true,"href":"https:\/\/promoalge.com.br\/index.php?rest_route=%2Fwp%2Fv2%2Fproduct_tag&post=8446"}],"curies":[{"name":"wp","href":"https:\/\/api.w.org\/{rel}","templated":true}]}}