{"id":8457,"date":"2023-04-03T12:27:18","date_gmt":"2023-04-03T15:27:18","guid":{"rendered":"http:\/\/promoalge.com.br\/?post_type=product&#038;p=8457"},"modified":"2025-04-08T18:01:51","modified_gmt":"2025-04-08T21:01:51","slug":"bolsa-termica-7-litros-pr4846","status":"publish","type":"product","link":"https:\/\/promoalge.com.br\/?product=bolsa-termica-7-litros-pr4846","title":{"rendered":"Bolsa T\u00e9rmica 7 Litros &#8211; PR4846"},"content":{"rendered":"","protected":false},"excerpt":{"rendered":"<p>Bolsa t\u00e9rmica de poli\u00e9ster com dois compartimentos, capacidade de 7 litros. A bolsa possui revestimento t\u00e9rmico em PEVA at\u00f3xico, al\u00e7a de m\u00e3o, bolsos laterais telados e al\u00e7a transversal.<\/p>\n<p>Altura :  20 cm<\/p>\n<p>Largura :  25 cm<\/p>\n<p>Profundidade :  14 cm<\/p>\n<p>Grava\u00e7\u00e3o serigrafia em 1 cor.<\/p>\n<p>* M\u00ednimo 100 unidades.<\/p>\n","protected":false},"featured_media":8465,"template":"","meta":[],"product_brand":[],"product_cat":[416],"product_tag":[],"class_list":{"0":"post-8457","1":"product","2":"type-product","3":"status-publish","4":"has-post-thumbnail","6":"product_cat-necessaire","8":"first","9":"instock","10":"shipping-taxable","11":"product-type-simple"},"_links":{"self":[{"href":"https:\/\/promoalge.com.br\/index.php?rest_route=\/wp\/v2\/product\/8457","targetHints":{"allow":["GET"]}}],"collection":[{"href":"https:\/\/promoalge.com.br\/index.php?rest_route=\/wp\/v2\/product"}],"about":[{"href":"https:\/\/promoalge.com.br\/index.php?rest_route=\/wp\/v2\/types\/product"}],"wp:featuredmedia":[{"embeddable":true,"href":"https:\/\/promoalge.com.br\/index.php?rest_route=\/wp\/v2\/media\/8465"}],"wp:attachment":[{"href":"https:\/\/promoalge.com.br\/index.php?rest_route=%2Fwp%2Fv2%2Fmedia&parent=8457"}],"wp:term":[{"taxonomy":"product_brand","embeddable":true,"href":"https:\/\/promoalge.com.br\/index.php?rest_route=%2Fwp%2Fv2%2Fproduct_brand&post=8457"},{"taxonomy":"product_cat","embeddable":true,"href":"https:\/\/promoalge.com.br\/index.php?rest_route=%2Fwp%2Fv2%2Fproduct_cat&post=8457"},{"taxonomy":"product_tag","embeddable":true,"href":"https:\/\/promoalge.com.br\/index.php?rest_route=%2Fwp%2Fv2%2Fproduct_tag&post=8457"}],"curies":[{"name":"wp","href":"https:\/\/api.w.org\/{rel}","templated":true}]}}