{"id":8486,"date":"2023-04-15T14:09:00","date_gmt":"2023-04-15T17:09:00","guid":{"rendered":"http:\/\/promoalge.com.br\/?post_type=product&#038;p=8486"},"modified":"2025-04-08T18:01:44","modified_gmt":"2025-04-08T21:01:44","slug":"necessaire-pr13295","status":"publish","type":"product","link":"https:\/\/promoalge.com.br\/?product=necessaire-pr13295","title":{"rendered":"Necessaire &#8211; PR13295"},"content":{"rendered":"","protected":false},"excerpt":{"rendered":"<p>Necessaire puff matelass\u00ea, material em couro sint\u00e9tico e fechamento com z\u00edoer.<\/p>\n<p>Altura :  11,5 cm<\/p>\n<p>Largura :  19,5 cm<\/p>\n<p>Profundidade :  10 cm<\/p>\n<p>Personaliza\u00e7\u00e3o atrav\u00e9s de grava\u00e7\u00e3o a  laser em placa de metal.<\/p>\n<p>* M\u00ednimo 100 unidades.<\/p>\n","protected":false},"featured_media":8487,"template":"","meta":[],"product_brand":[],"product_cat":[416],"product_tag":[],"class_list":{"0":"post-8486","1":"product","2":"type-product","3":"status-publish","4":"has-post-thumbnail","6":"product_cat-necessaire","8":"first","9":"instock","10":"shipping-taxable","11":"product-type-simple"},"_links":{"self":[{"href":"https:\/\/promoalge.com.br\/index.php?rest_route=\/wp\/v2\/product\/8486","targetHints":{"allow":["GET"]}}],"collection":[{"href":"https:\/\/promoalge.com.br\/index.php?rest_route=\/wp\/v2\/product"}],"about":[{"href":"https:\/\/promoalge.com.br\/index.php?rest_route=\/wp\/v2\/types\/product"}],"wp:featuredmedia":[{"embeddable":true,"href":"https:\/\/promoalge.com.br\/index.php?rest_route=\/wp\/v2\/media\/8487"}],"wp:attachment":[{"href":"https:\/\/promoalge.com.br\/index.php?rest_route=%2Fwp%2Fv2%2Fmedia&parent=8486"}],"wp:term":[{"taxonomy":"product_brand","embeddable":true,"href":"https:\/\/promoalge.com.br\/index.php?rest_route=%2Fwp%2Fv2%2Fproduct_brand&post=8486"},{"taxonomy":"product_cat","embeddable":true,"href":"https:\/\/promoalge.com.br\/index.php?rest_route=%2Fwp%2Fv2%2Fproduct_cat&post=8486"},{"taxonomy":"product_tag","embeddable":true,"href":"https:\/\/promoalge.com.br\/index.php?rest_route=%2Fwp%2Fv2%2Fproduct_tag&post=8486"}],"curies":[{"name":"wp","href":"https:\/\/api.w.org\/{rel}","templated":true}]}}