{"id":8497,"date":"2023-06-14T15:20:20","date_gmt":"2023-06-14T18:20:20","guid":{"rendered":"http:\/\/promoalge.com.br\/?post_type=product&#038;p=8497"},"modified":"2023-06-14T15:20:21","modified_gmt":"2023-06-14T18:20:21","slug":"frasqueira-termica-2-litros-pr20813","status":"publish","type":"product","link":"https:\/\/promoalge.com.br\/?product=frasqueira-termica-2-litros-pr20813","title":{"rendered":"Frasqueira T\u00e9rmica 2 Litros &#8211; PR20813"},"content":{"rendered":"","protected":false},"excerpt":{"rendered":"<p>Frasqueira T\u00e9rmica com Al\u00e7a de M\u00e3o &#8211; 2 litros  produzida em PVC BRL 020 Colorido (dispon\u00edvel em cores b\u00e1sicas), Forro em PVC Sarja 015 Branca, Espumapack 4mm, Al\u00e7a de Polipropileno 30mm, Rebite Niquelado com Refor\u00e7o, Ziper de Nylon, Cursor Niquelado. Medidas 20 cm largura x 8 cm altura x 13 cm profundidade. Grava\u00e7\u00e3o serigrafia em 1 cor.<br \/>\n * M\u00ednimo 100 unidades.<\/p>\n","protected":false},"featured_media":8498,"template":"","meta":[],"product_brand":[],"product_cat":[79,416,414],"product_tag":[],"class_list":{"0":"post-8497","1":"product","2":"type-product","3":"status-publish","4":"has-post-thumbnail","6":"product_cat-bolsas-mochilas","7":"product_cat-necessaire","8":"product_cat-praia-verao","10":"first","11":"instock","12":"shipping-taxable","13":"product-type-simple"},"_links":{"self":[{"href":"https:\/\/promoalge.com.br\/index.php?rest_route=\/wp\/v2\/product\/8497","targetHints":{"allow":["GET"]}}],"collection":[{"href":"https:\/\/promoalge.com.br\/index.php?rest_route=\/wp\/v2\/product"}],"about":[{"href":"https:\/\/promoalge.com.br\/index.php?rest_route=\/wp\/v2\/types\/product"}],"wp:featuredmedia":[{"embeddable":true,"href":"https:\/\/promoalge.com.br\/index.php?rest_route=\/wp\/v2\/media\/8498"}],"wp:attachment":[{"href":"https:\/\/promoalge.com.br\/index.php?rest_route=%2Fwp%2Fv2%2Fmedia&parent=8497"}],"wp:term":[{"taxonomy":"product_brand","embeddable":true,"href":"https:\/\/promoalge.com.br\/index.php?rest_route=%2Fwp%2Fv2%2Fproduct_brand&post=8497"},{"taxonomy":"product_cat","embeddable":true,"href":"https:\/\/promoalge.com.br\/index.php?rest_route=%2Fwp%2Fv2%2Fproduct_cat&post=8497"},{"taxonomy":"product_tag","embeddable":true,"href":"https:\/\/promoalge.com.br\/index.php?rest_route=%2Fwp%2Fv2%2Fproduct_tag&post=8497"}],"curies":[{"name":"wp","href":"https:\/\/api.w.org\/{rel}","templated":true}]}}