{"id":8499,"date":"2023-06-19T17:22:56","date_gmt":"2023-06-19T20:22:56","guid":{"rendered":"http:\/\/promoalge.com.br\/?post_type=product&#038;p=8499"},"modified":"2025-08-07T17:28:50","modified_gmt":"2025-08-07T20:28:50","slug":"garrafa-termica-550-ml-pr94603","status":"publish","type":"product","link":"https:\/\/promoalge.com.br\/?product=garrafa-termica-550-ml-pr94603","title":{"rendered":"Garrafa T\u00e9rmica 550 ml &#8211; PR94603"},"content":{"rendered":"","protected":false},"excerpt":{"rendered":"<p>Garrafa \/ Squeeze em a\u00e7o inox com acabamento em borracha, parede dupla isolada a v\u00e1cuo e capacidade at\u00e9 550 ml, medidas \u00f870 x 220 mm. Grava\u00e7\u00e3o a laser<\/p>\n","protected":false},"featured_media":8501,"template":"","meta":[],"product_brand":[],"product_cat":[237],"product_tag":[],"class_list":{"0":"post-8499","1":"product","2":"type-product","3":"status-publish","4":"has-post-thumbnail","6":"product_cat-metalicas","8":"first","9":"instock","10":"shipping-taxable","11":"product-type-simple"},"_links":{"self":[{"href":"https:\/\/promoalge.com.br\/index.php?rest_route=\/wp\/v2\/product\/8499","targetHints":{"allow":["GET"]}}],"collection":[{"href":"https:\/\/promoalge.com.br\/index.php?rest_route=\/wp\/v2\/product"}],"about":[{"href":"https:\/\/promoalge.com.br\/index.php?rest_route=\/wp\/v2\/types\/product"}],"wp:featuredmedia":[{"embeddable":true,"href":"https:\/\/promoalge.com.br\/index.php?rest_route=\/wp\/v2\/media\/8501"}],"wp:attachment":[{"href":"https:\/\/promoalge.com.br\/index.php?rest_route=%2Fwp%2Fv2%2Fmedia&parent=8499"}],"wp:term":[{"taxonomy":"product_brand","embeddable":true,"href":"https:\/\/promoalge.com.br\/index.php?rest_route=%2Fwp%2Fv2%2Fproduct_brand&post=8499"},{"taxonomy":"product_cat","embeddable":true,"href":"https:\/\/promoalge.com.br\/index.php?rest_route=%2Fwp%2Fv2%2Fproduct_cat&post=8499"},{"taxonomy":"product_tag","embeddable":true,"href":"https:\/\/promoalge.com.br\/index.php?rest_route=%2Fwp%2Fv2%2Fproduct_tag&post=8499"}],"curies":[{"name":"wp","href":"https:\/\/api.w.org\/{rel}","templated":true}]}}