{"id":8505,"date":"2023-06-22T11:34:47","date_gmt":"2023-06-22T14:34:47","guid":{"rendered":"http:\/\/promoalge.com.br\/?post_type=product&#038;p=8505"},"modified":"2023-06-22T11:34:47","modified_gmt":"2023-06-22T14:34:47","slug":"cordao-para-cracha-cordcra","status":"publish","type":"product","link":"https:\/\/promoalge.com.br\/?product=cordao-para-cracha-cordcra","title":{"rendered":"Cord\u00e3o para Crach\u00e1 &#8211; CORDCRA"},"content":{"rendered":"","protected":false},"excerpt":{"rendered":"<p>Cord\u00e3o para crach\u00e1 em poli\u00e9ster 2,0 cm largura, impress\u00e3o digital em policromia, acabamento com fecho jacar\u00e9 com argola.<\/p>\n<p> * M\u00ednimo 100 unidades.<\/p>\n","protected":false},"featured_media":8508,"template":"","meta":[],"product_brand":[],"product_cat":[353,409],"product_tag":[],"class_list":{"0":"post-8505","1":"product","2":"type-product","3":"status-publish","4":"has-post-thumbnail","6":"product_cat-diversos","7":"product_cat-escritorio","9":"first","10":"instock","11":"shipping-taxable","12":"product-type-simple"},"_links":{"self":[{"href":"https:\/\/promoalge.com.br\/index.php?rest_route=\/wp\/v2\/product\/8505","targetHints":{"allow":["GET"]}}],"collection":[{"href":"https:\/\/promoalge.com.br\/index.php?rest_route=\/wp\/v2\/product"}],"about":[{"href":"https:\/\/promoalge.com.br\/index.php?rest_route=\/wp\/v2\/types\/product"}],"wp:featuredmedia":[{"embeddable":true,"href":"https:\/\/promoalge.com.br\/index.php?rest_route=\/wp\/v2\/media\/8508"}],"wp:attachment":[{"href":"https:\/\/promoalge.com.br\/index.php?rest_route=%2Fwp%2Fv2%2Fmedia&parent=8505"}],"wp:term":[{"taxonomy":"product_brand","embeddable":true,"href":"https:\/\/promoalge.com.br\/index.php?rest_route=%2Fwp%2Fv2%2Fproduct_brand&post=8505"},{"taxonomy":"product_cat","embeddable":true,"href":"https:\/\/promoalge.com.br\/index.php?rest_route=%2Fwp%2Fv2%2Fproduct_cat&post=8505"},{"taxonomy":"product_tag","embeddable":true,"href":"https:\/\/promoalge.com.br\/index.php?rest_route=%2Fwp%2Fv2%2Fproduct_tag&post=8505"}],"curies":[{"name":"wp","href":"https:\/\/api.w.org\/{rel}","templated":true}]}}