{"id":8509,"date":"2023-06-28T18:17:04","date_gmt":"2023-06-28T21:17:04","guid":{"rendered":"http:\/\/promoalge.com.br\/?post_type=product&#038;p=8509"},"modified":"2023-06-28T18:17:04","modified_gmt":"2023-06-28T21:17:04","slug":"bolsa-termica-10-litros-pr4628","status":"publish","type":"product","link":"https:\/\/promoalge.com.br\/?product=bolsa-termica-10-litros-pr4628","title":{"rendered":"Bolsa T\u00e9rmica 10 Litros &#8211; PR4628"},"content":{"rendered":"","protected":false},"excerpt":{"rendered":"<p>Bolsa t\u00e9rmica de nylon 10 litros com dois compartimentos, sendo o principal com revestimento t\u00e9rmico e bolso telado para utens\u00edlios. Possui bolsos laterais em malha e al\u00e7a transversal com apoio para ombro.<\/p>\n<p>Altura :  20 cm<\/p>\n<p>Largura :  27 cm<\/p>\n<p>Profundidade :  18 cm<\/p>\n<p>Grava\u00e7\u00e3o serigrafia em 1 cor.<\/p>\n<p>* Minimo 50 unidades.<\/p>\n","protected":false},"featured_media":8510,"template":"","meta":[],"product_brand":[],"product_cat":[79,414],"product_tag":[],"class_list":{"0":"post-8509","1":"product","2":"type-product","3":"status-publish","4":"has-post-thumbnail","6":"product_cat-bolsas-mochilas","7":"product_cat-praia-verao","9":"first","10":"instock","11":"shipping-taxable","12":"product-type-simple"},"_links":{"self":[{"href":"https:\/\/promoalge.com.br\/index.php?rest_route=\/wp\/v2\/product\/8509","targetHints":{"allow":["GET"]}}],"collection":[{"href":"https:\/\/promoalge.com.br\/index.php?rest_route=\/wp\/v2\/product"}],"about":[{"href":"https:\/\/promoalge.com.br\/index.php?rest_route=\/wp\/v2\/types\/product"}],"wp:featuredmedia":[{"embeddable":true,"href":"https:\/\/promoalge.com.br\/index.php?rest_route=\/wp\/v2\/media\/8510"}],"wp:attachment":[{"href":"https:\/\/promoalge.com.br\/index.php?rest_route=%2Fwp%2Fv2%2Fmedia&parent=8509"}],"wp:term":[{"taxonomy":"product_brand","embeddable":true,"href":"https:\/\/promoalge.com.br\/index.php?rest_route=%2Fwp%2Fv2%2Fproduct_brand&post=8509"},{"taxonomy":"product_cat","embeddable":true,"href":"https:\/\/promoalge.com.br\/index.php?rest_route=%2Fwp%2Fv2%2Fproduct_cat&post=8509"},{"taxonomy":"product_tag","embeddable":true,"href":"https:\/\/promoalge.com.br\/index.php?rest_route=%2Fwp%2Fv2%2Fproduct_tag&post=8509"}],"curies":[{"name":"wp","href":"https:\/\/api.w.org\/{rel}","templated":true}]}}