{"id":8519,"date":"2023-07-18T18:36:56","date_gmt":"2023-07-18T21:36:56","guid":{"rendered":"http:\/\/promoalge.com.br\/?post_type=product&#038;p=8519"},"modified":"2025-08-07T17:28:48","modified_gmt":"2025-08-07T20:28:48","slug":"garrafa-termica-500-ml-prga6100","status":"publish","type":"product","link":"https:\/\/promoalge.com.br\/?product=garrafa-termica-500-ml-prga6100","title":{"rendered":"Garrafa T\u00e9rmica 500 ml &#8211; PRGA6100"},"content":{"rendered":"","protected":false},"excerpt":{"rendered":"<p>Garrafa t\u00e9rmica pintura fosca em a\u00e7o inox com parede dupla isolada a v\u00e1cuo, com capacidade de at\u00e9 500ml. Conserva l\u00edquido quente por at\u00e9 8 horas e l\u00edquido frio at\u00e9 12 horas. Tampa com revestimento em fibra de bambu, al\u00e7a em metal com detalhe cromado. <\/p>\n<p>* Medidas 22x\u00f87,2cm<\/p>\n<p>* Grava\u00e7\u00e3o a laser.<\/p>\n<p>* M\u00ednimo 50 unidades.<\/p>\n","protected":false},"featured_media":8520,"template":"","meta":[],"product_brand":[],"product_cat":[237],"product_tag":[],"class_list":{"0":"post-8519","1":"product","2":"type-product","3":"status-publish","4":"has-post-thumbnail","6":"product_cat-metalicas","8":"first","9":"instock","10":"shipping-taxable","11":"product-type-simple"},"_links":{"self":[{"href":"https:\/\/promoalge.com.br\/index.php?rest_route=\/wp\/v2\/product\/8519","targetHints":{"allow":["GET"]}}],"collection":[{"href":"https:\/\/promoalge.com.br\/index.php?rest_route=\/wp\/v2\/product"}],"about":[{"href":"https:\/\/promoalge.com.br\/index.php?rest_route=\/wp\/v2\/types\/product"}],"wp:featuredmedia":[{"embeddable":true,"href":"https:\/\/promoalge.com.br\/index.php?rest_route=\/wp\/v2\/media\/8520"}],"wp:attachment":[{"href":"https:\/\/promoalge.com.br\/index.php?rest_route=%2Fwp%2Fv2%2Fmedia&parent=8519"}],"wp:term":[{"taxonomy":"product_brand","embeddable":true,"href":"https:\/\/promoalge.com.br\/index.php?rest_route=%2Fwp%2Fv2%2Fproduct_brand&post=8519"},{"taxonomy":"product_cat","embeddable":true,"href":"https:\/\/promoalge.com.br\/index.php?rest_route=%2Fwp%2Fv2%2Fproduct_cat&post=8519"},{"taxonomy":"product_tag","embeddable":true,"href":"https:\/\/promoalge.com.br\/index.php?rest_route=%2Fwp%2Fv2%2Fproduct_tag&post=8519"}],"curies":[{"name":"wp","href":"https:\/\/api.w.org\/{rel}","templated":true}]}}