{"id":8527,"date":"2023-07-24T12:54:49","date_gmt":"2023-07-24T15:54:49","guid":{"rendered":"http:\/\/promoalge.com.br\/?post_type=product&#038;p=8527"},"modified":"2023-07-24T12:54:49","modified_gmt":"2023-07-24T15:54:49","slug":"bolsa-termica-18-litros-pr18604","status":"publish","type":"product","link":"https:\/\/promoalge.com.br\/?product=bolsa-termica-18-litros-pr18604","title":{"rendered":"Bolsa T\u00e9rmica 18 Litros &#8211; PR18604"},"content":{"rendered":"","protected":false},"excerpt":{"rendered":"<p>Bolsa t\u00e9rmica 18 litros. Cont\u00e9m bolso frontal com z\u00edper, bolsos laterais telados, al\u00e7a de m\u00e3o em nylon e al\u00e7a transversal regul\u00e1vel (n\u00e3o remov\u00edvel) com apoio para ombro.<br \/>\nAltura : 25 cm<br \/>\nLargura : 33 cm<br \/>\nProfundidade : 23 cm<\/p>\n<p>Grava\u00e7\u00e3o serigrafia em 1 cor.<\/p>\n<p>* M\u00ednimo 50 unidades.<\/p>\n","protected":false},"featured_media":8528,"template":"","meta":[],"product_brand":[],"product_cat":[79,414],"product_tag":[],"class_list":{"0":"post-8527","1":"product","2":"type-product","3":"status-publish","4":"has-post-thumbnail","6":"product_cat-bolsas-mochilas","7":"product_cat-praia-verao","9":"first","10":"instock","11":"shipping-taxable","12":"product-type-simple"},"_links":{"self":[{"href":"https:\/\/promoalge.com.br\/index.php?rest_route=\/wp\/v2\/product\/8527","targetHints":{"allow":["GET"]}}],"collection":[{"href":"https:\/\/promoalge.com.br\/index.php?rest_route=\/wp\/v2\/product"}],"about":[{"href":"https:\/\/promoalge.com.br\/index.php?rest_route=\/wp\/v2\/types\/product"}],"wp:featuredmedia":[{"embeddable":true,"href":"https:\/\/promoalge.com.br\/index.php?rest_route=\/wp\/v2\/media\/8528"}],"wp:attachment":[{"href":"https:\/\/promoalge.com.br\/index.php?rest_route=%2Fwp%2Fv2%2Fmedia&parent=8527"}],"wp:term":[{"taxonomy":"product_brand","embeddable":true,"href":"https:\/\/promoalge.com.br\/index.php?rest_route=%2Fwp%2Fv2%2Fproduct_brand&post=8527"},{"taxonomy":"product_cat","embeddable":true,"href":"https:\/\/promoalge.com.br\/index.php?rest_route=%2Fwp%2Fv2%2Fproduct_cat&post=8527"},{"taxonomy":"product_tag","embeddable":true,"href":"https:\/\/promoalge.com.br\/index.php?rest_route=%2Fwp%2Fv2%2Fproduct_tag&post=8527"}],"curies":[{"name":"wp","href":"https:\/\/api.w.org\/{rel}","templated":true}]}}