{"id":8537,"date":"2023-07-26T12:48:33","date_gmt":"2023-07-26T15:48:33","guid":{"rendered":"http:\/\/promoalge.com.br\/?post_type=product&#038;p=8537"},"modified":"2023-07-26T12:48:33","modified_gmt":"2023-07-26T15:48:33","slug":"garrafa-termica-11-litros-pr18709","status":"publish","type":"product","link":"https:\/\/promoalge.com.br\/?product=garrafa-termica-11-litros-pr18709","title":{"rendered":"Garrafa T\u00e9rmica 1,1 Litros &#8211; PR18709"},"content":{"rendered":"","protected":false},"excerpt":{"rendered":"<p>Garrafa t\u00e9rmica feita em inox 304 com parede dupla, capacidade de 1,1 litros. Com al\u00e7a para transporte, a tampa cont\u00e9m bico flip e canudo interno.<\/p>\n<p>Altura :  23 cm<\/p>\n<p>Largura :  11,2 cm<\/p>\n<p>Circunfer\u00eancia :  33,4 cm<\/p>\n<p>Grava\u00e7\u00e3o a laser.<\/p>\n<p>* M\u00ednimo 50 unidades.<\/p>\n","protected":false},"featured_media":8538,"template":"","meta":[],"product_brand":[],"product_cat":[237],"product_tag":[],"class_list":{"0":"post-8537","1":"product","2":"type-product","3":"status-publish","4":"has-post-thumbnail","6":"product_cat-metalicas","8":"first","9":"instock","10":"shipping-taxable","11":"product-type-simple"},"_links":{"self":[{"href":"https:\/\/promoalge.com.br\/index.php?rest_route=\/wp\/v2\/product\/8537","targetHints":{"allow":["GET"]}}],"collection":[{"href":"https:\/\/promoalge.com.br\/index.php?rest_route=\/wp\/v2\/product"}],"about":[{"href":"https:\/\/promoalge.com.br\/index.php?rest_route=\/wp\/v2\/types\/product"}],"wp:featuredmedia":[{"embeddable":true,"href":"https:\/\/promoalge.com.br\/index.php?rest_route=\/wp\/v2\/media\/8538"}],"wp:attachment":[{"href":"https:\/\/promoalge.com.br\/index.php?rest_route=%2Fwp%2Fv2%2Fmedia&parent=8537"}],"wp:term":[{"taxonomy":"product_brand","embeddable":true,"href":"https:\/\/promoalge.com.br\/index.php?rest_route=%2Fwp%2Fv2%2Fproduct_brand&post=8537"},{"taxonomy":"product_cat","embeddable":true,"href":"https:\/\/promoalge.com.br\/index.php?rest_route=%2Fwp%2Fv2%2Fproduct_cat&post=8537"},{"taxonomy":"product_tag","embeddable":true,"href":"https:\/\/promoalge.com.br\/index.php?rest_route=%2Fwp%2Fv2%2Fproduct_tag&post=8537"}],"curies":[{"name":"wp","href":"https:\/\/api.w.org\/{rel}","templated":true}]}}