{"id":854,"date":"2018-06-26T14:35:45","date_gmt":"2018-06-26T17:35:45","guid":{"rendered":"http:\/\/promoalge.com.br\/?post_type=product&#038;p=854"},"modified":"2019-02-08T10:18:26","modified_gmt":"2019-02-08T13:18:26","slug":"bottons-bt","status":"publish","type":"product","link":"https:\/\/promoalge.com.br\/?product=bottons-bt","title":{"rendered":"Bottons Resinados &#8211; BT"},"content":{"rendered":"","protected":false},"excerpt":{"rendered":"<p>Bottons em metal, v\u00e1rios formatos e medidas. Acabamento com fecho de silicone ou borboleta de metal. Impress\u00e3o atrav\u00e9s de etiqueta resinada.<\/p>\n","protected":false},"featured_media":2816,"template":"","meta":[],"product_brand":[],"product_cat":[419],"product_tag":[],"class_list":{"0":"post-854","1":"product","2":"type-product","3":"status-publish","4":"has-post-thumbnail","6":"product_cat-pins-e-bottons","8":"first","9":"instock","10":"shipping-taxable","11":"product-type-simple"},"_links":{"self":[{"href":"https:\/\/promoalge.com.br\/index.php?rest_route=\/wp\/v2\/product\/854","targetHints":{"allow":["GET"]}}],"collection":[{"href":"https:\/\/promoalge.com.br\/index.php?rest_route=\/wp\/v2\/product"}],"about":[{"href":"https:\/\/promoalge.com.br\/index.php?rest_route=\/wp\/v2\/types\/product"}],"wp:featuredmedia":[{"embeddable":true,"href":"https:\/\/promoalge.com.br\/index.php?rest_route=\/wp\/v2\/media\/2816"}],"wp:attachment":[{"href":"https:\/\/promoalge.com.br\/index.php?rest_route=%2Fwp%2Fv2%2Fmedia&parent=854"}],"wp:term":[{"taxonomy":"product_brand","embeddable":true,"href":"https:\/\/promoalge.com.br\/index.php?rest_route=%2Fwp%2Fv2%2Fproduct_brand&post=854"},{"taxonomy":"product_cat","embeddable":true,"href":"https:\/\/promoalge.com.br\/index.php?rest_route=%2Fwp%2Fv2%2Fproduct_cat&post=854"},{"taxonomy":"product_tag","embeddable":true,"href":"https:\/\/promoalge.com.br\/index.php?rest_route=%2Fwp%2Fv2%2Fproduct_tag&post=854"}],"curies":[{"name":"wp","href":"https:\/\/api.w.org\/{rel}","templated":true}]}}