{"id":8574,"date":"2023-08-10T13:38:33","date_gmt":"2023-08-10T16:38:33","guid":{"rendered":"http:\/\/promoalge.com.br\/?post_type=product&#038;p=8574"},"modified":"2023-08-10T13:38:34","modified_gmt":"2023-08-10T16:38:34","slug":"ioio-plastico-ioio","status":"publish","type":"product","link":"https:\/\/promoalge.com.br\/?product=ioio-plastico-ioio","title":{"rendered":"Ioi\u00f4 Pl\u00e1stico &#8211; IOIO"},"content":{"rendered":"","protected":false},"excerpt":{"rendered":"<p>Ioi\u00f4 pl\u00e1stico promocional, medidas 5,5 cm de di\u00e2metro. Impress\u00e3o em policromia.<\/p>\n<p>* M\u00ednimo 500 unidades.<\/p>\n","protected":false},"featured_media":8575,"template":"","meta":[],"product_brand":[],"product_cat":[353],"product_tag":[],"class_list":{"0":"post-8574","1":"product","2":"type-product","3":"status-publish","4":"has-post-thumbnail","6":"product_cat-diversos","8":"first","9":"instock","10":"shipping-taxable","11":"product-type-simple"},"_links":{"self":[{"href":"https:\/\/promoalge.com.br\/index.php?rest_route=\/wp\/v2\/product\/8574","targetHints":{"allow":["GET"]}}],"collection":[{"href":"https:\/\/promoalge.com.br\/index.php?rest_route=\/wp\/v2\/product"}],"about":[{"href":"https:\/\/promoalge.com.br\/index.php?rest_route=\/wp\/v2\/types\/product"}],"wp:featuredmedia":[{"embeddable":true,"href":"https:\/\/promoalge.com.br\/index.php?rest_route=\/wp\/v2\/media\/8575"}],"wp:attachment":[{"href":"https:\/\/promoalge.com.br\/index.php?rest_route=%2Fwp%2Fv2%2Fmedia&parent=8574"}],"wp:term":[{"taxonomy":"product_brand","embeddable":true,"href":"https:\/\/promoalge.com.br\/index.php?rest_route=%2Fwp%2Fv2%2Fproduct_brand&post=8574"},{"taxonomy":"product_cat","embeddable":true,"href":"https:\/\/promoalge.com.br\/index.php?rest_route=%2Fwp%2Fv2%2Fproduct_cat&post=8574"},{"taxonomy":"product_tag","embeddable":true,"href":"https:\/\/promoalge.com.br\/index.php?rest_route=%2Fwp%2Fv2%2Fproduct_tag&post=8574"}],"curies":[{"name":"wp","href":"https:\/\/api.w.org\/{rel}","templated":true}]}}