{"id":8587,"date":"2023-08-17T14:16:17","date_gmt":"2023-08-17T17:16:17","guid":{"rendered":"http:\/\/promoalge.com.br\/?post_type=product&#038;p=8587"},"modified":"2023-08-17T14:16:37","modified_gmt":"2023-08-17T17:16:37","slug":"cafeteira-italiana-9-xicaras-prcitl","status":"publish","type":"product","link":"https:\/\/promoalge.com.br\/?product=cafeteira-italiana-9-xicaras-prcitl","title":{"rendered":"Cafeteira Italiana 9 X\u00edcaras &#8211; PRCITL"},"content":{"rendered":"","protected":false},"excerpt":{"rendered":"<p>Cafeteira modelo italiana produzida em alum\u00ednio, capacidade 9 x\u00edcaras. Toda sua estrutura \u00e9 desmont\u00e1vel e al\u00e7a para garantir a seguran\u00e7a durante o seu uso. Grava\u00e7\u00e3o a laser.<br \/>\n* M\u00ednimo 60 unidades.<\/p>\n","protected":false},"featured_media":8588,"template":"","meta":[],"product_brand":[],"product_cat":[237,353],"product_tag":[],"class_list":{"0":"post-8587","1":"product","2":"type-product","3":"status-publish","4":"has-post-thumbnail","6":"product_cat-metalicas","7":"product_cat-diversos","9":"first","10":"instock","11":"shipping-taxable","12":"product-type-simple"},"_links":{"self":[{"href":"https:\/\/promoalge.com.br\/index.php?rest_route=\/wp\/v2\/product\/8587","targetHints":{"allow":["GET"]}}],"collection":[{"href":"https:\/\/promoalge.com.br\/index.php?rest_route=\/wp\/v2\/product"}],"about":[{"href":"https:\/\/promoalge.com.br\/index.php?rest_route=\/wp\/v2\/types\/product"}],"wp:featuredmedia":[{"embeddable":true,"href":"https:\/\/promoalge.com.br\/index.php?rest_route=\/wp\/v2\/media\/8588"}],"wp:attachment":[{"href":"https:\/\/promoalge.com.br\/index.php?rest_route=%2Fwp%2Fv2%2Fmedia&parent=8587"}],"wp:term":[{"taxonomy":"product_brand","embeddable":true,"href":"https:\/\/promoalge.com.br\/index.php?rest_route=%2Fwp%2Fv2%2Fproduct_brand&post=8587"},{"taxonomy":"product_cat","embeddable":true,"href":"https:\/\/promoalge.com.br\/index.php?rest_route=%2Fwp%2Fv2%2Fproduct_cat&post=8587"},{"taxonomy":"product_tag","embeddable":true,"href":"https:\/\/promoalge.com.br\/index.php?rest_route=%2Fwp%2Fv2%2Fproduct_tag&post=8587"}],"curies":[{"name":"wp","href":"https:\/\/api.w.org\/{rel}","templated":true}]}}