{"id":863,"date":"2018-06-26T15:16:19","date_gmt":"2018-06-26T18:16:19","guid":{"rendered":"http:\/\/promoalge.com.br\/?post_type=product&#038;p=863"},"modified":"2018-06-26T15:16:19","modified_gmt":"2018-06-26T18:16:19","slug":"kit-caipirinha-kc00443","status":"publish","type":"product","link":"https:\/\/promoalge.com.br\/?product=kit-caipirinha-kc00443","title":{"rendered":"Kit Caipirinha &#8211; KC00443"},"content":{"rendered":"","protected":false},"excerpt":{"rendered":"<p>Kit caipirinha com t\u00e1bua em Bambu, faca para frutas 4&#8243; em Inox\/Bambu, pil\u00e3o, colher de 18cm e base para a t\u00e1bua em Bambu e copo em A\u00e7o Inox. Grava\u00e7\u00e3o a Laser na t\u00e1bua e copo.<\/p>\n","protected":false},"featured_media":864,"template":"","meta":[],"product_brand":[],"product_cat":[49],"product_tag":[],"class_list":{"0":"post-863","1":"product","2":"type-product","3":"status-publish","4":"has-post-thumbnail","6":"product_cat-bar-queijo-vinhos","8":"first","9":"instock","10":"shipping-taxable","11":"product-type-simple"},"_links":{"self":[{"href":"https:\/\/promoalge.com.br\/index.php?rest_route=\/wp\/v2\/product\/863","targetHints":{"allow":["GET"]}}],"collection":[{"href":"https:\/\/promoalge.com.br\/index.php?rest_route=\/wp\/v2\/product"}],"about":[{"href":"https:\/\/promoalge.com.br\/index.php?rest_route=\/wp\/v2\/types\/product"}],"wp:featuredmedia":[{"embeddable":true,"href":"https:\/\/promoalge.com.br\/index.php?rest_route=\/wp\/v2\/media\/864"}],"wp:attachment":[{"href":"https:\/\/promoalge.com.br\/index.php?rest_route=%2Fwp%2Fv2%2Fmedia&parent=863"}],"wp:term":[{"taxonomy":"product_brand","embeddable":true,"href":"https:\/\/promoalge.com.br\/index.php?rest_route=%2Fwp%2Fv2%2Fproduct_brand&post=863"},{"taxonomy":"product_cat","embeddable":true,"href":"https:\/\/promoalge.com.br\/index.php?rest_route=%2Fwp%2Fv2%2Fproduct_cat&post=863"},{"taxonomy":"product_tag","embeddable":true,"href":"https:\/\/promoalge.com.br\/index.php?rest_route=%2Fwp%2Fv2%2Fproduct_tag&post=863"}],"curies":[{"name":"wp","href":"https:\/\/api.w.org\/{rel}","templated":true}]}}