{"id":8684,"date":"2023-12-26T15:39:47","date_gmt":"2023-12-26T18:39:47","guid":{"rendered":"http:\/\/promoalge.com.br\/?post_type=product&#038;p=8684"},"modified":"2023-12-26T15:39:47","modified_gmt":"2023-12-26T18:39:47","slug":"umidificador-pr14738","status":"publish","type":"product","link":"https:\/\/promoalge.com.br\/?product=umidificador-pr14738","title":{"rendered":"Umidificador &#8211; PR14738"},"content":{"rendered":"","protected":false},"excerpt":{"rendered":"<p>Mini umidificador ultrass\u00f4nico com led que muda de cor. Acompanha filtro de algod\u00e3o e um cabo USB. Capacidade para 130ml de \u00e1gua. Produzido em pl\u00e1stico e revestido por adesivo caracterizando madeira. Taxa de tens\u00e3o DC5V e Taxa de consumo de 2W. O produto n\u00e3o ret\u00e9m energia, funciona somente com o cabo USB conectado a um meio de alimenta\u00e7\u00e3o de energia. Obs.: para conserva\u00e7\u00e3o do produto \u00e9 recomend\u00e1vel utilizar \u00e1gua filtrada e n\u00e3o deve ser usado ess\u00eancias!<\/p>\n<p>Altura :  10 cm<br \/>\nLargura :  10 cm<br \/>\nCircunfer\u00eancia :  30,8 cm<\/p>\n<p>Grava\u00e7\u00e3o serigrafia em 1 cor.<\/p>\n<p>* M\u00ednimo 50 unidades.<\/p>\n","protected":false},"featured_media":8687,"template":"","meta":[],"product_brand":[],"product_cat":[353,417],"product_tag":[],"class_list":{"0":"post-8684","1":"product","2":"type-product","3":"status-publish","4":"has-post-thumbnail","6":"product_cat-diversos","7":"product_cat-pendrive-tecnologia","9":"first","10":"instock","11":"shipping-taxable","12":"product-type-simple"},"_links":{"self":[{"href":"https:\/\/promoalge.com.br\/index.php?rest_route=\/wp\/v2\/product\/8684","targetHints":{"allow":["GET"]}}],"collection":[{"href":"https:\/\/promoalge.com.br\/index.php?rest_route=\/wp\/v2\/product"}],"about":[{"href":"https:\/\/promoalge.com.br\/index.php?rest_route=\/wp\/v2\/types\/product"}],"wp:featuredmedia":[{"embeddable":true,"href":"https:\/\/promoalge.com.br\/index.php?rest_route=\/wp\/v2\/media\/8687"}],"wp:attachment":[{"href":"https:\/\/promoalge.com.br\/index.php?rest_route=%2Fwp%2Fv2%2Fmedia&parent=8684"}],"wp:term":[{"taxonomy":"product_brand","embeddable":true,"href":"https:\/\/promoalge.com.br\/index.php?rest_route=%2Fwp%2Fv2%2Fproduct_brand&post=8684"},{"taxonomy":"product_cat","embeddable":true,"href":"https:\/\/promoalge.com.br\/index.php?rest_route=%2Fwp%2Fv2%2Fproduct_cat&post=8684"},{"taxonomy":"product_tag","embeddable":true,"href":"https:\/\/promoalge.com.br\/index.php?rest_route=%2Fwp%2Fv2%2Fproduct_tag&post=8684"}],"curies":[{"name":"wp","href":"https:\/\/api.w.org\/{rel}","templated":true}]}}