{"id":870,"date":"2018-06-26T15:31:54","date_gmt":"2018-06-26T18:31:54","guid":{"rendered":"http:\/\/promoalge.com.br\/?post_type=product&#038;p=870"},"modified":"2018-06-26T15:31:54","modified_gmt":"2018-06-26T18:31:54","slug":"kit-queijo-pd15143","status":"publish","type":"product","link":"https:\/\/promoalge.com.br\/?product=kit-queijo-pd15143","title":{"rendered":"Kit Queijo &#8211; PD15143"},"content":{"rendered":"","protected":false},"excerpt":{"rendered":"<p>Conjunto para queijo em Bambu\/A\u00e7o Inox. Conta com t\u00e1bua, base, duas facas, sendo, uma com ponta e outra reta, garfo e esp\u00e1tula.Dimens\u00f5es da t\u00e1bua: 21,3 x1,2 cm Dimens\u00f5es da base: 23 x 7 x 4 cm . Grava\u00e7\u00e3o a laser na base e lamina das facas.<\/p>\n","protected":false},"featured_media":871,"template":"","meta":[],"product_brand":[],"product_cat":[49],"product_tag":[],"class_list":{"0":"post-870","1":"product","2":"type-product","3":"status-publish","4":"has-post-thumbnail","6":"product_cat-bar-queijo-vinhos","8":"first","9":"instock","10":"shipping-taxable","11":"product-type-simple"},"_links":{"self":[{"href":"https:\/\/promoalge.com.br\/index.php?rest_route=\/wp\/v2\/product\/870","targetHints":{"allow":["GET"]}}],"collection":[{"href":"https:\/\/promoalge.com.br\/index.php?rest_route=\/wp\/v2\/product"}],"about":[{"href":"https:\/\/promoalge.com.br\/index.php?rest_route=\/wp\/v2\/types\/product"}],"wp:featuredmedia":[{"embeddable":true,"href":"https:\/\/promoalge.com.br\/index.php?rest_route=\/wp\/v2\/media\/871"}],"wp:attachment":[{"href":"https:\/\/promoalge.com.br\/index.php?rest_route=%2Fwp%2Fv2%2Fmedia&parent=870"}],"wp:term":[{"taxonomy":"product_brand","embeddable":true,"href":"https:\/\/promoalge.com.br\/index.php?rest_route=%2Fwp%2Fv2%2Fproduct_brand&post=870"},{"taxonomy":"product_cat","embeddable":true,"href":"https:\/\/promoalge.com.br\/index.php?rest_route=%2Fwp%2Fv2%2Fproduct_cat&post=870"},{"taxonomy":"product_tag","embeddable":true,"href":"https:\/\/promoalge.com.br\/index.php?rest_route=%2Fwp%2Fv2%2Fproduct_tag&post=870"}],"curies":[{"name":"wp","href":"https:\/\/api.w.org\/{rel}","templated":true}]}}