{"id":8710,"date":"2024-02-02T11:16:00","date_gmt":"2024-02-02T14:16:00","guid":{"rendered":"https:\/\/promoalge.com.br\/?post_type=product&#038;p=8710"},"modified":"2024-02-02T11:16:00","modified_gmt":"2024-02-02T14:16:00","slug":"sacola-de-algodao-pr13804","status":"publish","type":"product","link":"https:\/\/promoalge.com.br\/?product=sacola-de-algodao-pr13804","title":{"rendered":"Sacola de Algod\u00e3o &#8211; PR13804"},"content":{"rendered":"","protected":false},"excerpt":{"rendered":"<p>Sacola de algod\u00e3o com al\u00e7as de ombro, medidas 42 cm x 43 cm x 10 cm. Grava\u00e7\u00e3o serigrafia em 1 cor.<\/p>\n<p>* M\u00ednimo 100 unidades.<\/p>\n","protected":false},"featured_media":8711,"template":"","meta":[],"product_brand":[],"product_cat":[321,410],"product_tag":[],"class_list":{"0":"post-8710","1":"product","2":"type-product","3":"status-publish","4":"has-post-thumbnail","6":"product_cat-linha-ecologica","7":"product_cat-eventos-pastas-pvc","9":"first","10":"instock","11":"shipping-taxable","12":"product-type-simple"},"_links":{"self":[{"href":"https:\/\/promoalge.com.br\/index.php?rest_route=\/wp\/v2\/product\/8710","targetHints":{"allow":["GET"]}}],"collection":[{"href":"https:\/\/promoalge.com.br\/index.php?rest_route=\/wp\/v2\/product"}],"about":[{"href":"https:\/\/promoalge.com.br\/index.php?rest_route=\/wp\/v2\/types\/product"}],"wp:featuredmedia":[{"embeddable":true,"href":"https:\/\/promoalge.com.br\/index.php?rest_route=\/wp\/v2\/media\/8711"}],"wp:attachment":[{"href":"https:\/\/promoalge.com.br\/index.php?rest_route=%2Fwp%2Fv2%2Fmedia&parent=8710"}],"wp:term":[{"taxonomy":"product_brand","embeddable":true,"href":"https:\/\/promoalge.com.br\/index.php?rest_route=%2Fwp%2Fv2%2Fproduct_brand&post=8710"},{"taxonomy":"product_cat","embeddable":true,"href":"https:\/\/promoalge.com.br\/index.php?rest_route=%2Fwp%2Fv2%2Fproduct_cat&post=8710"},{"taxonomy":"product_tag","embeddable":true,"href":"https:\/\/promoalge.com.br\/index.php?rest_route=%2Fwp%2Fv2%2Fproduct_tag&post=8710"}],"curies":[{"name":"wp","href":"https:\/\/api.w.org\/{rel}","templated":true}]}}