{"id":8717,"date":"2024-02-16T16:23:10","date_gmt":"2024-02-16T19:23:10","guid":{"rendered":"https:\/\/promoalge.com.br\/?post_type=product&#038;p=8717"},"modified":"2024-02-16T16:23:11","modified_gmt":"2024-02-16T19:23:11","slug":"sacola-termica-pr18595","status":"publish","type":"product","link":"https:\/\/promoalge.com.br\/?product=sacola-termica-pr18595","title":{"rendered":"Sacola T\u00e9rmica &#8211; PR18595"},"content":{"rendered":"","protected":false},"excerpt":{"rendered":"<p>Sacola t\u00e9rmica com capacidade de 18 litros, cont\u00e9m fechamento em velcro e bolso frontal. Obs.: A capacidade de armazenamento com a sacola fechada \u00e9 de aproximadamente 14 litros.<br \/>\nMedidas:<br \/>\nAltura: 35,7 cm;<br \/>\nLargura: 31,5 cm;<br \/>\nProfundidade: 17 cm;<br \/>\nComprimento da al\u00e7a: 27,5 cm;<\/p>\n<p>Grava\u00e7\u00e3o serigrafia em 1 cor.<\/p>\n<p>* M\u00ednimo 100 unidades.<\/p>\n","protected":false},"featured_media":8718,"template":"","meta":[],"product_brand":[],"product_cat":[79,410,414],"product_tag":[],"class_list":{"0":"post-8717","1":"product","2":"type-product","3":"status-publish","4":"has-post-thumbnail","6":"product_cat-bolsas-mochilas","7":"product_cat-eventos-pastas-pvc","8":"product_cat-praia-verao","10":"first","11":"instock","12":"shipping-taxable","13":"product-type-simple"},"_links":{"self":[{"href":"https:\/\/promoalge.com.br\/index.php?rest_route=\/wp\/v2\/product\/8717","targetHints":{"allow":["GET"]}}],"collection":[{"href":"https:\/\/promoalge.com.br\/index.php?rest_route=\/wp\/v2\/product"}],"about":[{"href":"https:\/\/promoalge.com.br\/index.php?rest_route=\/wp\/v2\/types\/product"}],"wp:featuredmedia":[{"embeddable":true,"href":"https:\/\/promoalge.com.br\/index.php?rest_route=\/wp\/v2\/media\/8718"}],"wp:attachment":[{"href":"https:\/\/promoalge.com.br\/index.php?rest_route=%2Fwp%2Fv2%2Fmedia&parent=8717"}],"wp:term":[{"taxonomy":"product_brand","embeddable":true,"href":"https:\/\/promoalge.com.br\/index.php?rest_route=%2Fwp%2Fv2%2Fproduct_brand&post=8717"},{"taxonomy":"product_cat","embeddable":true,"href":"https:\/\/promoalge.com.br\/index.php?rest_route=%2Fwp%2Fv2%2Fproduct_cat&post=8717"},{"taxonomy":"product_tag","embeddable":true,"href":"https:\/\/promoalge.com.br\/index.php?rest_route=%2Fwp%2Fv2%2Fproduct_tag&post=8717"}],"curies":[{"name":"wp","href":"https:\/\/api.w.org\/{rel}","templated":true}]}}