{"id":8737,"date":"2024-02-21T04:00:26","date_gmt":"2024-02-21T07:00:26","guid":{"rendered":"http:\/\/promoalge.com.br\/?post_type=product&#038;p=8737"},"modified":"2024-02-21T04:00:26","modified_gmt":"2024-02-21T07:00:26","slug":"caneta-metalica-pr18548","status":"publish","type":"product","link":"https:\/\/promoalge.com.br\/?product=caneta-metalica-pr18548","title":{"rendered":"Caneta Met\u00e1lica &#8211; PR18548"},"content":{"rendered":"","protected":false},"excerpt":{"rendered":"<p>Caneta semimet\u00e1lica com carga esferogr\u00e1fica azul e acionamento por clique. Grava\u00e7\u00e3o a laser.<br \/>\n* M\u00ednimo 100 unidades.<\/p>\n","protected":false},"featured_media":8738,"template":"","meta":[],"product_brand":[],"product_cat":[346],"product_tag":[],"class_list":{"0":"post-8737","1":"product","2":"type-product","3":"status-publish","4":"has-post-thumbnail","6":"product_cat-canetas-metalicas","8":"first","9":"instock","10":"shipping-taxable","11":"product-type-simple"},"_links":{"self":[{"href":"https:\/\/promoalge.com.br\/index.php?rest_route=\/wp\/v2\/product\/8737","targetHints":{"allow":["GET"]}}],"collection":[{"href":"https:\/\/promoalge.com.br\/index.php?rest_route=\/wp\/v2\/product"}],"about":[{"href":"https:\/\/promoalge.com.br\/index.php?rest_route=\/wp\/v2\/types\/product"}],"wp:featuredmedia":[{"embeddable":true,"href":"https:\/\/promoalge.com.br\/index.php?rest_route=\/wp\/v2\/media\/8738"}],"wp:attachment":[{"href":"https:\/\/promoalge.com.br\/index.php?rest_route=%2Fwp%2Fv2%2Fmedia&parent=8737"}],"wp:term":[{"taxonomy":"product_brand","embeddable":true,"href":"https:\/\/promoalge.com.br\/index.php?rest_route=%2Fwp%2Fv2%2Fproduct_brand&post=8737"},{"taxonomy":"product_cat","embeddable":true,"href":"https:\/\/promoalge.com.br\/index.php?rest_route=%2Fwp%2Fv2%2Fproduct_cat&post=8737"},{"taxonomy":"product_tag","embeddable":true,"href":"https:\/\/promoalge.com.br\/index.php?rest_route=%2Fwp%2Fv2%2Fproduct_tag&post=8737"}],"curies":[{"name":"wp","href":"https:\/\/api.w.org\/{rel}","templated":true}]}}