{"id":875,"date":"2018-06-26T15:37:50","date_gmt":"2018-06-26T18:37:50","guid":{"rendered":"http:\/\/promoalge.com.br\/?post_type=product&#038;p=875"},"modified":"2018-06-26T15:38:13","modified_gmt":"2018-06-26T18:38:13","slug":"conjunto-para-petiscos-pd15783","status":"publish","type":"product","link":"https:\/\/promoalge.com.br\/?product=conjunto-para-petiscos-pd15783","title":{"rendered":"Conjunto para Petiscos &#8211; PD15783"},"content":{"rendered":"","protected":false},"excerpt":{"rendered":"<p>Conjunto para petiscos em Bambu. Acompanha t\u00e1bua e seis garfinhos para queijo. Dimens\u00f5es da t\u00e1bua: 21,3&#215;1,2cm. Grava\u00e7\u00e3o a Laser na t\u00e1bua.<\/p>\n","protected":false},"featured_media":876,"template":"","meta":[],"product_brand":[],"product_cat":[49],"product_tag":[],"class_list":{"0":"post-875","1":"product","2":"type-product","3":"status-publish","4":"has-post-thumbnail","6":"product_cat-bar-queijo-vinhos","8":"first","9":"instock","10":"shipping-taxable","11":"product-type-simple"},"_links":{"self":[{"href":"https:\/\/promoalge.com.br\/index.php?rest_route=\/wp\/v2\/product\/875","targetHints":{"allow":["GET"]}}],"collection":[{"href":"https:\/\/promoalge.com.br\/index.php?rest_route=\/wp\/v2\/product"}],"about":[{"href":"https:\/\/promoalge.com.br\/index.php?rest_route=\/wp\/v2\/types\/product"}],"wp:featuredmedia":[{"embeddable":true,"href":"https:\/\/promoalge.com.br\/index.php?rest_route=\/wp\/v2\/media\/876"}],"wp:attachment":[{"href":"https:\/\/promoalge.com.br\/index.php?rest_route=%2Fwp%2Fv2%2Fmedia&parent=875"}],"wp:term":[{"taxonomy":"product_brand","embeddable":true,"href":"https:\/\/promoalge.com.br\/index.php?rest_route=%2Fwp%2Fv2%2Fproduct_brand&post=875"},{"taxonomy":"product_cat","embeddable":true,"href":"https:\/\/promoalge.com.br\/index.php?rest_route=%2Fwp%2Fv2%2Fproduct_cat&post=875"},{"taxonomy":"product_tag","embeddable":true,"href":"https:\/\/promoalge.com.br\/index.php?rest_route=%2Fwp%2Fv2%2Fproduct_tag&post=875"}],"curies":[{"name":"wp","href":"https:\/\/api.w.org\/{rel}","templated":true}]}}